{"id":40,"date":"2020-07-03T11:00:25","date_gmt":"2020-07-03T11:00:25","guid":{"rendered":"https:\/\/devpeople.dk\/ccgarage\/?page_id=40"},"modified":"2026-03-29T22:40:04","modified_gmt":"2026-03-29T22:40:04","slug":"om-os","status":"publish","type":"page","link":"https:\/\/devpeople.dk\/ccgarage\/om-os\/","title":{"rendered":"Om os"},"content":{"rendered":"\t\t<div data-elementor-type=\"wp-page\" data-elementor-id=\"40\" class=\"elementor elementor-40\" data-elementor-post-type=\"page\">\n\t\t\t\t\t\t<section class=\"elementor-section elementor-top-section elementor-element elementor-element-19349005 elementor-section-boxed elementor-section-height-default elementor-section-height-default\" data-id=\"19349005\" data-element_type=\"section\" data-e-type=\"section\">\n\t\t\t\t\t\t<div class=\"elementor-container elementor-column-gap-default\">\n\t\t\t\t\t<div class=\"elementor-column elementor-col-100 elementor-top-column elementor-element elementor-element-4a4e883c\" data-id=\"4a4e883c\" data-element_type=\"column\" data-e-type=\"column\">\n\t\t\t<div class=\"elementor-widget-wrap elementor-element-populated\">\n\t\t\t\t\t\t<div class=\"elementor-element elementor-element-70d348ef elementor-widget elementor-widget-image\" data-id=\"70d348ef\" data-element_type=\"widget\" data-e-type=\"widget\" data-settings=\"{&quot;motion_fx_motion_fx_scrolling&quot;:&quot;yes&quot;,&quot;motion_fx_devices&quot;:[&quot;desktop&quot;,&quot;tablet&quot;,&quot;mobile&quot;]}\" data-widget_type=\"image.default\">\n\t\t\t\t<div class=\"elementor-widget-container\">\n\t\t\t\t\t\t\t\t\t\t\t\t\t\t\t\t<a href=\"https:\/\/devpeople.dk\/ccgarage\/\">\n\t\t\t\t\t\t\t<img fetchpriority=\"high\" decoding=\"async\" width=\"2560\" height=\"1649\" src=\"https:\/\/devpeople.dk\/ccgarage\/wp-content\/uploads\/2026\/03\/DSC04674-scaled.jpg\" class=\"attachment-full size-full wp-image-4151\" alt=\"\" srcset=\"https:\/\/devpeople.dk\/ccgarage\/wp-content\/uploads\/2026\/03\/DSC04674-scaled.jpg 2560w, https:\/\/devpeople.dk\/ccgarage\/wp-content\/uploads\/2026\/03\/DSC04674-300x193.jpg 300w, https:\/\/devpeople.dk\/ccgarage\/wp-content\/uploads\/2026\/03\/DSC04674-1024x660.jpg 1024w, https:\/\/devpeople.dk\/ccgarage\/wp-content\/uploads\/2026\/03\/DSC04674-768x495.jpg 768w, https:\/\/devpeople.dk\/ccgarage\/wp-content\/uploads\/2026\/03\/DSC04674-1536x990.jpg 1536w, https:\/\/devpeople.dk\/ccgarage\/wp-content\/uploads\/2026\/03\/DSC04674-2048x1320.jpg 2048w, https:\/\/devpeople.dk\/ccgarage\/wp-content\/uploads\/2026\/03\/DSC04674-600x387.jpg 600w\" sizes=\"(max-width: 2560px) 100vw, 2560px\" \/>\t\t\t\t\t\t\t\t<\/a>\n\t\t\t\t\t\t\t\t\t\t\t\t\t\t\t<\/div>\n\t\t\t\t<\/div>\n\t\t\t\t<div class=\"elementor-element elementor-element-9f3f358 elementor-widget elementor-widget-text-editor\" data-id=\"9f3f358\" data-element_type=\"widget\" data-e-type=\"widget\" data-widget_type=\"text-editor.default\">\n\t\t\t\t<div class=\"elementor-widget-container\">\n\t\t\t\t\t\t\t\t\t<h2><em><strong>Hej, hej.<\/strong><\/em><\/h2>\t\t\t\t\t\t\t\t<\/div>\n\t\t\t\t<\/div>\n\t\t\t\t<div class=\"elementor-element elementor-element-77084328 elementor-widget elementor-widget-text-editor\" data-id=\"77084328\" data-element_type=\"widget\" data-e-type=\"widget\" data-widget_type=\"text-editor.default\">\n\t\t\t\t<div class=\"elementor-widget-container\">\n\t\t\t\t\t\t\t\t\t<p data-path-to-node=\"0\">Og velkommen til <b data-path-to-node=\"0\" data-index-in-node=\"14\">Crustello Nordic<\/b>. Vi er sat i verden for \u00e9n ting: at hylde det gode br\u00f8d og fjerne st\u00f8jen fra din bageproces. Vi ved, at surdej kan f\u00f8les som en videnskab, men for os handler det om mavefornemmelse, h\u00e5ndv\u00e6rk og \u2013 vigtigst af alt \u2013 at man aldrig skal stresse over sin dej. Br\u00f8d er levende, og det skal v\u00e6re en forn\u00f8jelse, ikke en kilde til pr\u00e6stationsangst.<\/p><p data-path-to-node=\"1\">Hos Crustello Nordic elsker vi at hj\u00e6lpe alle, der har tabt hjertet til duften af nybagt br\u00f8d. Uanset om du er den hardcore <b data-path-to-node=\"1\" data-index-in-node=\"124\">entusiast<\/b>, der n\u00f8rder hydreringsprocenter og lufthuller, eller den nysgerrige <b data-path-to-node=\"1\" data-index-in-node=\"202\">nybegynder<\/b>, der lige har modtaget din f\u00f8rste starter, s\u00e5 er vi din partner i k\u00f8kkenet. Vi er her for de <b data-path-to-node=\"1\" data-index-in-node=\"306\">br\u00f8dflove<\/b>, der dr\u00f8mmer om den perfekte skorpe, og for de bet\u00e6nksomme <b data-path-to-node=\"1\" data-index-in-node=\"375\">gavegivere<\/b>, der vil give en ven muligheden for at mestre kunsten at bage selv.<\/p><p data-path-to-node=\"2\">Derfor har vi valgt at f\u00f8re hele Crustello-universet. Vi s\u00e6lger ikke bare grej; vi s\u00e6lger v\u00e6rkt\u00f8jer, der giver dig ro i maven. Fra de pr\u00e6cise starter-sk\u00e5le til de ergonomiske proofing-sk\u00e5le er hvert produkt valgt, fordi det g\u00f8r rejsen fra mel til br\u00f8d sjovere og mere intuitiv. Vi tror p\u00e5, at n\u00e5r du har det rigtige udstyr, forsvinder stressen, og gl\u00e6den ved selve processen tager over.<\/p><p data-path-to-node=\"3\">Vi er passionerede omkring surdej, men vi er endnu mere passionerede omkring det f\u00e6llesskab, br\u00f8det skaber. Hos Crustello Nordic handler det om den langsomme s\u00f8ndag morgen, det perfekte &#8220;ear&#8221; p\u00e5 dit br\u00f8d og den tilfredsstillelse, det giver at skabe noget fra bunden. Lad os hj\u00e6lpe dig med at finde roen i dejen og g\u00f8re dit bageeventyr til en leg.<\/p>\t\t\t\t\t\t\t\t<\/div>\n\t\t\t\t<\/div>\n\t\t\t\t\t<\/div>\n\t\t<\/div>\n\t\t\t\t\t<\/div>\n\t\t<\/section>\n\t\t\t\t<section class=\"elementor-section elementor-top-section elementor-element elementor-element-4f362c4 elementor-section-boxed elementor-section-height-default elementor-section-height-default\" data-id=\"4f362c4\" data-element_type=\"section\" data-e-type=\"section\">\n\t\t\t\t\t\t<div class=\"elementor-container elementor-column-gap-default\">\n\t\t\t\t\t<div class=\"elementor-column elementor-col-100 elementor-top-column elementor-element elementor-element-0957819\" data-id=\"0957819\" data-element_type=\"column\" data-e-type=\"column\">\n\t\t\t<div class=\"elementor-widget-wrap elementor-element-populated\">\n\t\t\t\t\t\t<div class=\"elementor-element elementor-element-36fb136 elementor-widget elementor-widget-image\" data-id=\"36fb136\" data-element_type=\"widget\" data-e-type=\"widget\" data-widget_type=\"image.default\">\n\t\t\t\t<div class=\"elementor-widget-container\">\n\t\t\t\t\t\t\t\t\t\t\t\t\t\t\t<img decoding=\"async\" width=\"640\" height=\"163\" src=\"https:\/\/devpeople.dk\/ccgarage\/wp-content\/uploads\/2020\/10\/Crustello-Nordic-langt-logo-e1774781796269-1024x261.png\" class=\"attachment-large size-large wp-image-4074\" alt=\"Crustello Nordic bringer perfekt surdej til Norden\" srcset=\"https:\/\/devpeople.dk\/ccgarage\/wp-content\/uploads\/2020\/10\/Crustello-Nordic-langt-logo-e1774781796269-1024x261.png 1024w, https:\/\/devpeople.dk\/ccgarage\/wp-content\/uploads\/2020\/10\/Crustello-Nordic-langt-logo-e1774781796269-600x153.png 600w, https:\/\/devpeople.dk\/ccgarage\/wp-content\/uploads\/2020\/10\/Crustello-Nordic-langt-logo-e1774781796269-300x77.png 300w, https:\/\/devpeople.dk\/ccgarage\/wp-content\/uploads\/2020\/10\/Crustello-Nordic-langt-logo-e1774781796269-768x196.png 768w, https:\/\/devpeople.dk\/ccgarage\/wp-content\/uploads\/2020\/10\/Crustello-Nordic-langt-logo-e1774781796269-1536x392.png 1536w, https:\/\/devpeople.dk\/ccgarage\/wp-content\/uploads\/2020\/10\/Crustello-Nordic-langt-logo-e1774781796269.png 1920w\" sizes=\"(max-width: 640px) 100vw, 640px\" \/>\t\t\t\t\t\t\t\t\t\t\t\t\t\t\t<\/div>\n\t\t\t\t<\/div>\n\t\t\t\t<div class=\"elementor-element elementor-element-26aa00c5 elementor-widget-divider--separator-type-pattern elementor-widget-divider--no-spacing elementor-widget-divider--view-line elementor-widget elementor-widget-divider\" data-id=\"26aa00c5\" data-element_type=\"widget\" data-e-type=\"widget\" data-settings=\"{&quot;motion_fx_motion_fx_scrolling&quot;:&quot;yes&quot;,&quot;motion_fx_translateX_effect&quot;:&quot;yes&quot;,&quot;motion_fx_translateX_direction&quot;:&quot;negative&quot;,&quot;motion_fx_translateX_speed&quot;:{&quot;unit&quot;:&quot;px&quot;,&quot;size&quot;:&quot;0.5&quot;,&quot;sizes&quot;:[]},&quot;motion_fx_devices&quot;:[&quot;desktop&quot;,&quot;tablet&quot;],&quot;motion_fx_translateX_affectedRange&quot;:{&quot;unit&quot;:&quot;%&quot;,&quot;size&quot;:&quot;&quot;,&quot;sizes&quot;:{&quot;start&quot;:0,&quot;end&quot;:100}}}\" data-widget_type=\"divider.default\">\n\t\t\t\t<div class=\"elementor-widget-container\">\n\t\t\t\t\t\t\t<div class=\"elementor-divider\" style=\"--divider-pattern-url: url(&quot;data:image\/svg+xml,%3Csvg xmlns=&#039;http:\/\/www.w3.org\/2000\/svg&#039; preserveAspectRatio=&#039;xMidYMid meet&#039; overflow=&#039;visible&#039; height=&#039;100%&#039; viewBox=&#039;0 0 120 26&#039; fill=&#039;black&#039; stroke=&#039;none&#039;%3E%3Cpath d=&#039;M11.9,15.9L11.9,15.9L0,16c-0.2-3.7,1.5-5.7,4.9-6C10,9.6,12.4,14.2,11.9,15.9zM26.9,15.9L26.9,15.9L15,16c0.5-3.7,2.5-5.7,5.9-6C26,9.6,27.4,14.2,26.9,15.9z M37.1,10c3.4,0.3,5.1,2.3,4.9,6H30.1C29.5,14.4,31.9,9.6,37.1,10z M57,15.9L57,15.9L45,16c0-3.4,1.6-5.4,4.9-5.9C54.8,9.3,57.4,14.2,57,15.9z M71.9,15.9L71.9,15.9L60,16c-0.2-3.7,1.5-5.7,4.9-6C70,9.6,72.4,14.2,71.9,15.9z M82.2,10c3.4,0.3,5,2.3,4.8,6H75.3C74,13,77.1,9.6,82.2,10zM101.9,15.9L101.9,15.9L90,16c-0.2-3.7,1.5-5.7,4.9-6C100,9.6,102.4,14.2,101.9,15.9z M112.1,10.1c2.7,0.5,4.3,2.5,4.9,5.9h-11.9l0,0C104.5,14.4,108,9.3,112.1,10.1z&#039;\/%3E%3C\/svg%3E&quot;);\">\n\t\t\t<span class=\"elementor-divider-separator\">\n\t\t\t\t\t\t<\/span>\n\t\t<\/div>\n\t\t\t\t\t\t<\/div>\n\t\t\t\t<\/div>\n\t\t\t\t<div class=\"elementor-element elementor-element-73da44d elementor-widget elementor-widget-spacer\" data-id=\"73da44d\" data-element_type=\"widget\" data-e-type=\"widget\" data-widget_type=\"spacer.default\">\n\t\t\t\t<div class=\"elementor-widget-container\">\n\t\t\t\t\t\t\t<div class=\"elementor-spacer\">\n\t\t\t<div class=\"elementor-spacer-inner\"><\/div>\n\t\t<\/div>\n\t\t\t\t\t\t<\/div>\n\t\t\t\t<\/div>\n\t\t\t\t\t<\/div>\n\t\t<\/div>\n\t\t\t\t\t<\/div>\n\t\t<\/section>\n\t\t\t\t<\/div>\n\t\t","protected":false},"excerpt":{"rendered":"<p>Hej, hej. Og velkommen til Crustello Nordic. Vi er sat i verden for \u00e9n ting: at hylde det gode br\u00f8d og fjerne st\u00f8jen fra din bageproces. Vi ved, at surdej kan f\u00f8les som en videnskab, men for os handler det om mavefornemmelse, h\u00e5ndv\u00e6rk og \u2013 vigtigst af alt \u2013 at man aldrig skal stresse over [&hellip;]<\/p>\n","protected":false},"author":1,"featured_media":4231,"parent":0,"menu_order":0,"comment_status":"closed","ping_status":"closed","template":"","meta":{"footnotes":""},"class_list":["post-40","page","type-page","status-publish","has-post-thumbnail","hentry"],"yoast_head":"<!-- This site is optimized with the Yoast SEO plugin v27.5 - https:\/\/yoast.com\/product\/yoast-seo-wordpress\/ -->\n<title>Om os - Crustello Nordic<\/title>\n<meta name=\"description\" content=\"Vi er en gruppe kreative mennesker, der er helt pjattede med surdej. Vi har et samarbejde med Crustello om at g\u00f8re det let for alle i Norden\" \/>\n<meta name=\"robots\" content=\"index, follow, max-snippet:-1, max-image-preview:large, max-video-preview:-1\" \/>\n<link rel=\"canonical\" href=\"https:\/\/devpeople.dk\/ccgarage\/om-os\/\" \/>\n<meta property=\"og:locale\" content=\"da_DK\" \/>\n<meta property=\"og:type\" content=\"article\" \/>\n<meta property=\"og:title\" content=\"Om os - Crustello Nordic\" \/>\n<meta property=\"og:description\" content=\"Vi er en gruppe kreative mennesker, der er helt pjattede med surdej. Vi har et samarbejde med Crustello om at g\u00f8re det let for alle i Norden\" \/>\n<meta property=\"og:url\" content=\"https:\/\/devpeople.dk\/ccgarage\/om-os\/\" \/>\n<meta property=\"og:site_name\" content=\"Crustello\" \/>\n<meta property=\"article:publisher\" content=\"https:\/\/www.facebook.com\/carsncolours\" \/>\n<meta property=\"article:modified_time\" content=\"2026-03-29T22:40:04+00:00\" \/>\n<meta property=\"og:image\" content=\"https:\/\/devpeople.dk\/ccgarage\/wp-content\/uploads\/2026\/03\/Bager-broed-24-7-scaled.jpg\" \/>\n\t<meta property=\"og:image:width\" content=\"1707\" \/>\n\t<meta property=\"og:image:height\" content=\"2560\" \/>\n\t<meta property=\"og:image:type\" content=\"image\/jpeg\" \/>\n<meta name=\"twitter:card\" content=\"summary_large_image\" \/>\n<meta name=\"twitter:label1\" content=\"Estimeret l\u00e6setid\" \/>\n\t<meta name=\"twitter:data1\" content=\"2 minutter\" \/>\n<script type=\"application\/ld+json\" class=\"yoast-schema-graph\">{\"@context\":\"https:\\\/\\\/schema.org\",\"@graph\":[{\"@type\":\"WebPage\",\"@id\":\"https:\\\/\\\/devpeople.dk\\\/ccgarage\\\/om-os\\\/\",\"url\":\"https:\\\/\\\/devpeople.dk\\\/ccgarage\\\/om-os\\\/\",\"name\":\"Om os - Crustello Nordic\",\"isPartOf\":{\"@id\":\"https:\\\/\\\/devpeople.dk\\\/ccgarage\\\/#website\"},\"primaryImageOfPage\":{\"@id\":\"https:\\\/\\\/devpeople.dk\\\/ccgarage\\\/om-os\\\/#primaryimage\"},\"image\":{\"@id\":\"https:\\\/\\\/devpeople.dk\\\/ccgarage\\\/om-os\\\/#primaryimage\"},\"thumbnailUrl\":\"https:\\\/\\\/devpeople.dk\\\/ccgarage\\\/wp-content\\\/uploads\\\/2026\\\/03\\\/Bager-broed-24-7-scaled.jpg\",\"datePublished\":\"2020-07-03T11:00:25+00:00\",\"dateModified\":\"2026-03-29T22:40:04+00:00\",\"description\":\"Vi er en gruppe kreative mennesker, der er helt pjattede med surdej. Vi har et samarbejde med Crustello om at g\u00f8re det let for alle i Norden\",\"breadcrumb\":{\"@id\":\"https:\\\/\\\/devpeople.dk\\\/ccgarage\\\/om-os\\\/#breadcrumb\"},\"inLanguage\":\"da-DK\",\"potentialAction\":[{\"@type\":\"ReadAction\",\"target\":[\"https:\\\/\\\/devpeople.dk\\\/ccgarage\\\/om-os\\\/\"]}]},{\"@type\":\"ImageObject\",\"inLanguage\":\"da-DK\",\"@id\":\"https:\\\/\\\/devpeople.dk\\\/ccgarage\\\/om-os\\\/#primaryimage\",\"url\":\"https:\\\/\\\/devpeople.dk\\\/ccgarage\\\/wp-content\\\/uploads\\\/2026\\\/03\\\/Bager-broed-24-7-scaled.jpg\",\"contentUrl\":\"https:\\\/\\\/devpeople.dk\\\/ccgarage\\\/wp-content\\\/uploads\\\/2026\\\/03\\\/Bager-broed-24-7-scaled.jpg\",\"width\":1707,\"height\":2560},{\"@type\":\"BreadcrumbList\",\"@id\":\"https:\\\/\\\/devpeople.dk\\\/ccgarage\\\/om-os\\\/#breadcrumb\",\"itemListElement\":[{\"@type\":\"ListItem\",\"position\":1,\"name\":\"Hjem\",\"item\":\"https:\\\/\\\/devpeople.dk\\\/ccgarage\\\/\"},{\"@type\":\"ListItem\",\"position\":2,\"name\":\"Om os\"}]},{\"@type\":\"WebSite\",\"@id\":\"https:\\\/\\\/devpeople.dk\\\/ccgarage\\\/#website\",\"url\":\"https:\\\/\\\/devpeople.dk\\\/ccgarage\\\/\",\"name\":\"Crustello\",\"description\":\"Kend din dej\",\"publisher\":{\"@id\":\"https:\\\/\\\/devpeople.dk\\\/ccgarage\\\/#organization\"},\"potentialAction\":[{\"@type\":\"SearchAction\",\"target\":{\"@type\":\"EntryPoint\",\"urlTemplate\":\"https:\\\/\\\/devpeople.dk\\\/ccgarage\\\/?s={search_term_string}\"},\"query-input\":{\"@type\":\"PropertyValueSpecification\",\"valueRequired\":true,\"valueName\":\"search_term_string\"}}],\"inLanguage\":\"da-DK\"},{\"@type\":\"Organization\",\"@id\":\"https:\\\/\\\/devpeople.dk\\\/ccgarage\\\/#organization\",\"name\":\"Crustello\",\"url\":\"https:\\\/\\\/devpeople.dk\\\/ccgarage\\\/\",\"logo\":{\"@type\":\"ImageObject\",\"inLanguage\":\"da-DK\",\"@id\":\"https:\\\/\\\/devpeople.dk\\\/ccgarage\\\/#\\\/schema\\\/logo\\\/image\\\/\",\"url\":\"https:\\\/\\\/devpeople.dk\\\/ccgarage\\\/wp-content\\\/uploads\\\/2026\\\/03\\\/Crustello-nordic-logo-mid.png\",\"contentUrl\":\"https:\\\/\\\/devpeople.dk\\\/ccgarage\\\/wp-content\\\/uploads\\\/2026\\\/03\\\/Crustello-nordic-logo-mid.png\",\"width\":480,\"height\":270,\"caption\":\"Crustello\"},\"image\":{\"@id\":\"https:\\\/\\\/devpeople.dk\\\/ccgarage\\\/#\\\/schema\\\/logo\\\/image\\\/\"},\"sameAs\":[\"https:\\\/\\\/www.facebook.com\\\/carsncolours\",\"https:\\\/\\\/www.instagram.com\\\/carsnc_official\\\/\",\"https:\\\/\\\/www.youtube.com\\\/channel\\\/UCFrxWi7dkBCnbB0jFD-PJEA\"]}]}<\/script>\n<!-- \/ Yoast SEO plugin. -->","yoast_head_json":{"title":"Om os - Crustello Nordic","description":"Vi er en gruppe kreative mennesker, der er helt pjattede med surdej. Vi har et samarbejde med Crustello om at g\u00f8re det let for alle i Norden","robots":{"index":"index","follow":"follow","max-snippet":"max-snippet:-1","max-image-preview":"max-image-preview:large","max-video-preview":"max-video-preview:-1"},"canonical":"https:\/\/devpeople.dk\/ccgarage\/om-os\/","og_locale":"da_DK","og_type":"article","og_title":"Om os - Crustello Nordic","og_description":"Vi er en gruppe kreative mennesker, der er helt pjattede med surdej. Vi har et samarbejde med Crustello om at g\u00f8re det let for alle i Norden","og_url":"https:\/\/devpeople.dk\/ccgarage\/om-os\/","og_site_name":"Crustello","article_publisher":"https:\/\/www.facebook.com\/carsncolours","article_modified_time":"2026-03-29T22:40:04+00:00","og_image":[{"width":1707,"height":2560,"url":"https:\/\/devpeople.dk\/ccgarage\/wp-content\/uploads\/2026\/03\/Bager-broed-24-7-scaled.jpg","type":"image\/jpeg"}],"twitter_card":"summary_large_image","twitter_misc":{"Estimeret l\u00e6setid":"2 minutter"},"schema":{"@context":"https:\/\/schema.org","@graph":[{"@type":"WebPage","@id":"https:\/\/devpeople.dk\/ccgarage\/om-os\/","url":"https:\/\/devpeople.dk\/ccgarage\/om-os\/","name":"Om os - Crustello Nordic","isPartOf":{"@id":"https:\/\/devpeople.dk\/ccgarage\/#website"},"primaryImageOfPage":{"@id":"https:\/\/devpeople.dk\/ccgarage\/om-os\/#primaryimage"},"image":{"@id":"https:\/\/devpeople.dk\/ccgarage\/om-os\/#primaryimage"},"thumbnailUrl":"https:\/\/devpeople.dk\/ccgarage\/wp-content\/uploads\/2026\/03\/Bager-broed-24-7-scaled.jpg","datePublished":"2020-07-03T11:00:25+00:00","dateModified":"2026-03-29T22:40:04+00:00","description":"Vi er en gruppe kreative mennesker, der er helt pjattede med surdej. Vi har et samarbejde med Crustello om at g\u00f8re det let for alle i Norden","breadcrumb":{"@id":"https:\/\/devpeople.dk\/ccgarage\/om-os\/#breadcrumb"},"inLanguage":"da-DK","potentialAction":[{"@type":"ReadAction","target":["https:\/\/devpeople.dk\/ccgarage\/om-os\/"]}]},{"@type":"ImageObject","inLanguage":"da-DK","@id":"https:\/\/devpeople.dk\/ccgarage\/om-os\/#primaryimage","url":"https:\/\/devpeople.dk\/ccgarage\/wp-content\/uploads\/2026\/03\/Bager-broed-24-7-scaled.jpg","contentUrl":"https:\/\/devpeople.dk\/ccgarage\/wp-content\/uploads\/2026\/03\/Bager-broed-24-7-scaled.jpg","width":1707,"height":2560},{"@type":"BreadcrumbList","@id":"https:\/\/devpeople.dk\/ccgarage\/om-os\/#breadcrumb","itemListElement":[{"@type":"ListItem","position":1,"name":"Hjem","item":"https:\/\/devpeople.dk\/ccgarage\/"},{"@type":"ListItem","position":2,"name":"Om os"}]},{"@type":"WebSite","@id":"https:\/\/devpeople.dk\/ccgarage\/#website","url":"https:\/\/devpeople.dk\/ccgarage\/","name":"Crustello","description":"Kend din dej","publisher":{"@id":"https:\/\/devpeople.dk\/ccgarage\/#organization"},"potentialAction":[{"@type":"SearchAction","target":{"@type":"EntryPoint","urlTemplate":"https:\/\/devpeople.dk\/ccgarage\/?s={search_term_string}"},"query-input":{"@type":"PropertyValueSpecification","valueRequired":true,"valueName":"search_term_string"}}],"inLanguage":"da-DK"},{"@type":"Organization","@id":"https:\/\/devpeople.dk\/ccgarage\/#organization","name":"Crustello","url":"https:\/\/devpeople.dk\/ccgarage\/","logo":{"@type":"ImageObject","inLanguage":"da-DK","@id":"https:\/\/devpeople.dk\/ccgarage\/#\/schema\/logo\/image\/","url":"https:\/\/devpeople.dk\/ccgarage\/wp-content\/uploads\/2026\/03\/Crustello-nordic-logo-mid.png","contentUrl":"https:\/\/devpeople.dk\/ccgarage\/wp-content\/uploads\/2026\/03\/Crustello-nordic-logo-mid.png","width":480,"height":270,"caption":"Crustello"},"image":{"@id":"https:\/\/devpeople.dk\/ccgarage\/#\/schema\/logo\/image\/"},"sameAs":["https:\/\/www.facebook.com\/carsncolours","https:\/\/www.instagram.com\/carsnc_official\/","https:\/\/www.youtube.com\/channel\/UCFrxWi7dkBCnbB0jFD-PJEA"]}]}},"_links":{"self":[{"href":"https:\/\/devpeople.dk\/ccgarage\/wp-json\/wp\/v2\/pages\/40","targetHints":{"allow":["GET"]}}],"collection":[{"href":"https:\/\/devpeople.dk\/ccgarage\/wp-json\/wp\/v2\/pages"}],"about":[{"href":"https:\/\/devpeople.dk\/ccgarage\/wp-json\/wp\/v2\/types\/page"}],"author":[{"embeddable":true,"href":"https:\/\/devpeople.dk\/ccgarage\/wp-json\/wp\/v2\/users\/1"}],"replies":[{"embeddable":true,"href":"https:\/\/devpeople.dk\/ccgarage\/wp-json\/wp\/v2\/comments?post=40"}],"version-history":[{"count":265,"href":"https:\/\/devpeople.dk\/ccgarage\/wp-json\/wp\/v2\/pages\/40\/revisions"}],"predecessor-version":[{"id":4238,"href":"https:\/\/devpeople.dk\/ccgarage\/wp-json\/wp\/v2\/pages\/40\/revisions\/4238"}],"wp:featuredmedia":[{"embeddable":true,"href":"https:\/\/devpeople.dk\/ccgarage\/wp-json\/wp\/v2\/media\/4231"}],"wp:attachment":[{"href":"https:\/\/devpeople.dk\/ccgarage\/wp-json\/wp\/v2\/media?parent=40"}],"curies":[{"name":"wp","href":"https:\/\/api.w.org\/{rel}","templated":true}]}}