{"id":4317,"date":"2026-05-04T12:43:35","date_gmt":"2026-05-04T11:43:35","guid":{"rendered":"https:\/\/devpeople.dk\/ccgarage\/?page_id=4317"},"modified":"2026-05-04T17:02:27","modified_gmt":"2026-05-04T16:02:27","slug":"sproedt-og-nyt","status":"publish","type":"page","link":"https:\/\/devpeople.dk\/ccgarage\/sproedt-og-nyt\/","title":{"rendered":"Spr\u00f8dt og Nyt"},"content":{"rendered":"\t\t<div data-elementor-type=\"wp-page\" data-elementor-id=\"4317\" class=\"elementor elementor-4317\" data-elementor-post-type=\"page\">\n\t\t\t\t\t\t<section class=\"elementor-section elementor-top-section elementor-element elementor-element-f689a93 elementor-section-full_width elementor-section-stretched elementor-section-height-default elementor-section-height-default\" data-id=\"f689a93\" data-element_type=\"section\" data-e-type=\"section\" data-settings=\"{&quot;stretch_section&quot;:&quot;section-stretched&quot;}\">\n\t\t\t\t\t\t<div class=\"elementor-container elementor-column-gap-default\">\n\t\t\t\t\t<div class=\"elementor-column elementor-col-100 elementor-top-column elementor-element elementor-element-dc68c76\" data-id=\"dc68c76\" data-element_type=\"column\" data-e-type=\"column\">\n\t\t\t<div class=\"elementor-widget-wrap elementor-element-populated\">\n\t\t\t\t\t\t<div class=\"elementor-element elementor-element-61a1ce7 elementor--h-position-center elementor--v-position-middle elementor-widget elementor-widget-slides\" data-id=\"61a1ce7\" data-element_type=\"widget\" data-e-type=\"widget\" data-settings=\"{&quot;navigation&quot;:&quot;none&quot;,&quot;autoplay&quot;:&quot;yes&quot;,&quot;pause_on_hover&quot;:&quot;yes&quot;,&quot;pause_on_interaction&quot;:&quot;yes&quot;,&quot;autoplay_speed&quot;:5000,&quot;infinite&quot;:&quot;yes&quot;,&quot;transition&quot;:&quot;slide&quot;,&quot;transition_speed&quot;:500}\" data-widget_type=\"slides.default\">\n\t\t\t\t<div class=\"elementor-widget-container\">\n\t\t\t\t\t\t\t\t\t<div class=\"elementor-swiper\">\n\t\t\t\t\t<div class=\"elementor-slides-wrapper elementor-main-swiper swiper\" role=\"region\" aria-roledescription=\"carousel\" aria-label=\"Spr\u00f8dt og Nyt\" dir=\"ltr\" data-animation=\"fadeInUp\">\n\t\t\t\t<div class=\"swiper-wrapper elementor-slides\">\n\t\t\t\t\t\t\t\t\t\t<div class=\"elementor-repeater-item-dc55bfa swiper-slide\" role=\"group\" aria-roledescription=\"slide\"><div class=\"swiper-slide-bg\" role=\"img\" aria-label=\"DSCF9165\"><\/div><div class=\"elementor-background-overlay\"><\/div><div class=\"swiper-slide-inner\" ><div class=\"swiper-slide-contents\"><div class=\"elementor-slide-heading\">Spr\u00f8dt og Nyt<\/div><\/div><\/div><\/div>\t\t\t\t<\/div>\n\t\t\t\t\t\t\t<\/div>\n\t\t\t\t<\/div>\n\t\t\t\t\t\t\t\t<\/div>\n\t\t\t\t<\/div>\n\t\t\t\t\t<\/div>\n\t\t<\/div>\n\t\t\t\t\t<\/div>\n\t\t<\/section>\n\t\t\t\t<section class=\"elementor-section elementor-top-section elementor-element elementor-element-2d7acff elementor-section-boxed elementor-section-height-default elementor-section-height-default\" data-id=\"2d7acff\" data-element_type=\"section\" data-e-type=\"section\">\n\t\t\t\t\t\t<div class=\"elementor-container elementor-column-gap-default\">\n\t\t\t\t\t<div class=\"elementor-column elementor-col-100 elementor-top-column elementor-element elementor-element-6b0ccbc\" data-id=\"6b0ccbc\" data-element_type=\"column\" data-e-type=\"column\">\n\t\t\t<div class=\"elementor-widget-wrap elementor-element-populated\">\n\t\t\t\t\t\t<div class=\"elementor-element elementor-element-9684890 elementor-widget elementor-widget-nnfy-blog\" data-id=\"9684890\" data-element_type=\"widget\" data-e-type=\"widget\" data-widget_type=\"nnfy-blog.default\">\n\t\t\t\t<div class=\"elementor-widget-container\">\n\t\t\t\t\t            <div class=\"sc_blog\">\n                                    <div class=\"ht-row\">\n                                                    <div class=\"ht-col-lg-4 ht-col-md-6 ht-col-sm-6 ht-col-xs-12\">\n                                <div class=\"product-wrapper mb-30\">\n                                                                            <div class=\"blog-img\">\n                                            <a href=\"https:\/\/devpeople.dk\/ccgarage\/taylor-swifts-blueberry-lemon-broed\/\">\n                                                <img fetchpriority=\"high\" decoding=\"async\" width=\"370\" height=\"244\" src=\"https:\/\/devpeople.dk\/ccgarage\/wp-content\/uploads\/2026\/03\/taylor-swifts-blueberry-lemon-broed-370x244.png\" class=\"blog-thumbnail\" alt=\"crustello nordics bud p\u00e5 taylor swifts blueberry lemon br\u00f8d\" \/>                                            <\/a>\n                                        <\/div>\n                                                                        <div class=\"blog-info\">\n                                                                                \n                                                                                    <h4>\n                                                <a href=\"https:\/\/devpeople.dk\/ccgarage\/taylor-swifts-blueberry-lemon-broed\/\">\n                                                    Taylor Swift&#8217;s &#8220;Blueberry Lemon&#8221; br\u00f8d                                                <\/a>\n                                            <\/h4>\n                                        \n                                        <h6>\n                                            \n                                                                                            on \n                                                <span>mar 31, 2026<\/span>\n                                                                                    <\/h6>\n\n                                                                                    <p>Vi l\u00f8ber ikke med halve sandheder, s\u00e5 sandheden er, at Taylor Swift aldrig har udgivet \u00e9n specifik, detaljeret opskrift p\u00e5<\/p>\n                                                                            <\/div>\n                                <\/div>\n                            <\/div>\n                                                    <div class=\"ht-col-lg-4 ht-col-md-6 ht-col-sm-6 ht-col-xs-12\">\n                                <div class=\"product-wrapper mb-30\">\n                                                                            <div class=\"blog-img\">\n                                            <a href=\"https:\/\/devpeople.dk\/ccgarage\/sproedeboller-med-store-lufthuller\/\">\n                                                <img decoding=\"async\" width=\"370\" height=\"244\" src=\"https:\/\/devpeople.dk\/ccgarage\/wp-content\/uploads\/2026\/03\/Crustello-sproede-boller-med-store-huller-1-370x244.png\" class=\"blog-thumbnail\" alt=\"Crustello opskrift p\u00e5 spr\u00f8de boller\" \/>                                            <\/a>\n                                        <\/div>\n                                                                        <div class=\"blog-info\">\n                                                                                \n                                                                                    <h4>\n                                                <a href=\"https:\/\/devpeople.dk\/ccgarage\/sproedeboller-med-store-lufthuller\/\">\n                                                    Spr\u00f8deboller med store lufthuller                                                <\/a>\n                                            <\/h4>\n                                        \n                                        <h6>\n                                            \n                                                                                            on \n                                                <span>mar 30, 2026<\/span>\n                                                                                    <\/h6>\n\n                                                                                    <p>En god surdejsbolle kr\u00e6ver en balance mellem en aktiv starter, h\u00f8j hydrering og tid. Denne opskrift giver dig boller med<\/p>\n                                                                            <\/div>\n                                <\/div>\n                            <\/div>\n                                            <\/div>\n                                            <\/div>\n        \t\t\t\t<\/div>\n\t\t\t\t<\/div>\n\t\t\t\t\t<\/div>\n\t\t<\/div>\n\t\t\t\t\t<\/div>\n\t\t<\/section>\n\t\t\t\t<\/div>\n\t\t","protected":false},"excerpt":{"rendered":"<p>Spr\u00f8dt og Nyt Taylor Swift&#8217;s &#8220;Blueberry Lemon&#8221; br\u00f8d on mar 31, 2026 Vi l\u00f8ber ikke med halve sandheder, s\u00e5 sandheden er, at Taylor Swift aldrig har udgivet \u00e9n specifik, detaljeret opskrift p\u00e5 Spr\u00f8deboller med store lufthuller on mar 30, 2026 En god surdejsbolle kr\u00e6ver en balance mellem en aktiv starter, h\u00f8j hydrering og tid. Denne [&hellip;]<\/p>\n","protected":false},"author":8,"featured_media":0,"parent":0,"menu_order":0,"comment_status":"closed","ping_status":"closed","template":"","meta":{"footnotes":""},"class_list":["post-4317","page","type-page","status-publish","hentry"],"yoast_head":"<!-- This site is optimized with the Yoast SEO plugin v27.5 - https:\/\/yoast.com\/product\/yoast-seo-wordpress\/ -->\n<title>Spr\u00f8dt og Nyt - Crustello<\/title>\n<meta name=\"robots\" content=\"index, follow, max-snippet:-1, max-image-preview:large, max-video-preview:-1\" \/>\n<link rel=\"canonical\" href=\"https:\/\/devpeople.dk\/ccgarage\/sproedt-og-nyt\/\" \/>\n<meta property=\"og:locale\" content=\"da_DK\" \/>\n<meta property=\"og:type\" content=\"article\" \/>\n<meta property=\"og:title\" content=\"Spr\u00f8dt og Nyt - Crustello\" \/>\n<meta property=\"og:description\" content=\"Spr\u00f8dt og Nyt Taylor Swift&#8217;s &#8220;Blueberry Lemon&#8221; br\u00f8d on mar 31, 2026 Vi l\u00f8ber ikke med halve sandheder, s\u00e5 sandheden er, at Taylor Swift aldrig har udgivet \u00e9n specifik, detaljeret opskrift p\u00e5 Spr\u00f8deboller med store lufthuller on mar 30, 2026 En god surdejsbolle kr\u00e6ver en balance mellem en aktiv starter, h\u00f8j hydrering og tid. Denne [&hellip;]\" \/>\n<meta property=\"og:url\" content=\"https:\/\/devpeople.dk\/ccgarage\/sproedt-og-nyt\/\" \/>\n<meta property=\"og:site_name\" content=\"Crustello\" \/>\n<meta property=\"article:publisher\" content=\"https:\/\/www.facebook.com\/carsncolours\" \/>\n<meta property=\"article:modified_time\" content=\"2026-05-04T16:02:27+00:00\" \/>\n<meta property=\"og:image\" content=\"https:\/\/devpeople.dk\/ccgarage\/wp-content\/uploads\/2026\/03\/taylor-swifts-blueberry-lemon-broed-370x244.png\" \/>\n<meta name=\"twitter:card\" content=\"summary_large_image\" \/>\n<meta name=\"twitter:label1\" content=\"Estimeret l\u00e6setid\" \/>\n\t<meta name=\"twitter:data1\" content=\"1 minut\" \/>\n<script type=\"application\/ld+json\" class=\"yoast-schema-graph\">{\"@context\":\"https:\\\/\\\/schema.org\",\"@graph\":[{\"@type\":\"WebPage\",\"@id\":\"https:\\\/\\\/devpeople.dk\\\/ccgarage\\\/sproedt-og-nyt\\\/\",\"url\":\"https:\\\/\\\/devpeople.dk\\\/ccgarage\\\/sproedt-og-nyt\\\/\",\"name\":\"Spr\u00f8dt og Nyt - Crustello\",\"isPartOf\":{\"@id\":\"https:\\\/\\\/devpeople.dk\\\/ccgarage\\\/#website\"},\"primaryImageOfPage\":{\"@id\":\"https:\\\/\\\/devpeople.dk\\\/ccgarage\\\/sproedt-og-nyt\\\/#primaryimage\"},\"image\":{\"@id\":\"https:\\\/\\\/devpeople.dk\\\/ccgarage\\\/sproedt-og-nyt\\\/#primaryimage\"},\"thumbnailUrl\":\"https:\\\/\\\/devpeople.dk\\\/ccgarage\\\/wp-content\\\/uploads\\\/2026\\\/03\\\/taylor-swifts-blueberry-lemon-broed-370x244.png\",\"datePublished\":\"2026-05-04T11:43:35+00:00\",\"dateModified\":\"2026-05-04T16:02:27+00:00\",\"breadcrumb\":{\"@id\":\"https:\\\/\\\/devpeople.dk\\\/ccgarage\\\/sproedt-og-nyt\\\/#breadcrumb\"},\"inLanguage\":\"da-DK\",\"potentialAction\":[{\"@type\":\"ReadAction\",\"target\":[\"https:\\\/\\\/devpeople.dk\\\/ccgarage\\\/sproedt-og-nyt\\\/\"]}]},{\"@type\":\"ImageObject\",\"inLanguage\":\"da-DK\",\"@id\":\"https:\\\/\\\/devpeople.dk\\\/ccgarage\\\/sproedt-og-nyt\\\/#primaryimage\",\"url\":\"https:\\\/\\\/devpeople.dk\\\/ccgarage\\\/wp-content\\\/uploads\\\/2026\\\/03\\\/taylor-swifts-blueberry-lemon-broed.png\",\"contentUrl\":\"https:\\\/\\\/devpeople.dk\\\/ccgarage\\\/wp-content\\\/uploads\\\/2026\\\/03\\\/taylor-swifts-blueberry-lemon-broed.png\",\"width\":1920,\"height\":1080,\"caption\":\"crustello nordics bud p\u00e5 taylor swifts blueberry lemon br\u00f8d\"},{\"@type\":\"BreadcrumbList\",\"@id\":\"https:\\\/\\\/devpeople.dk\\\/ccgarage\\\/sproedt-og-nyt\\\/#breadcrumb\",\"itemListElement\":[{\"@type\":\"ListItem\",\"position\":1,\"name\":\"Hjem\",\"item\":\"https:\\\/\\\/devpeople.dk\\\/ccgarage\\\/\"},{\"@type\":\"ListItem\",\"position\":2,\"name\":\"Spr\u00f8dt og Nyt\"}]},{\"@type\":\"WebSite\",\"@id\":\"https:\\\/\\\/devpeople.dk\\\/ccgarage\\\/#website\",\"url\":\"https:\\\/\\\/devpeople.dk\\\/ccgarage\\\/\",\"name\":\"Crustello\",\"description\":\"Kend din dej\",\"publisher\":{\"@id\":\"https:\\\/\\\/devpeople.dk\\\/ccgarage\\\/#organization\"},\"potentialAction\":[{\"@type\":\"SearchAction\",\"target\":{\"@type\":\"EntryPoint\",\"urlTemplate\":\"https:\\\/\\\/devpeople.dk\\\/ccgarage\\\/?s={search_term_string}\"},\"query-input\":{\"@type\":\"PropertyValueSpecification\",\"valueRequired\":true,\"valueName\":\"search_term_string\"}}],\"inLanguage\":\"da-DK\"},{\"@type\":\"Organization\",\"@id\":\"https:\\\/\\\/devpeople.dk\\\/ccgarage\\\/#organization\",\"name\":\"Crustello\",\"url\":\"https:\\\/\\\/devpeople.dk\\\/ccgarage\\\/\",\"logo\":{\"@type\":\"ImageObject\",\"inLanguage\":\"da-DK\",\"@id\":\"https:\\\/\\\/devpeople.dk\\\/ccgarage\\\/#\\\/schema\\\/logo\\\/image\\\/\",\"url\":\"https:\\\/\\\/devpeople.dk\\\/ccgarage\\\/wp-content\\\/uploads\\\/2026\\\/03\\\/Crustello-nordic-logo-mid.png\",\"contentUrl\":\"https:\\\/\\\/devpeople.dk\\\/ccgarage\\\/wp-content\\\/uploads\\\/2026\\\/03\\\/Crustello-nordic-logo-mid.png\",\"width\":480,\"height\":270,\"caption\":\"Crustello\"},\"image\":{\"@id\":\"https:\\\/\\\/devpeople.dk\\\/ccgarage\\\/#\\\/schema\\\/logo\\\/image\\\/\"},\"sameAs\":[\"https:\\\/\\\/www.facebook.com\\\/carsncolours\",\"https:\\\/\\\/www.instagram.com\\\/carsnc_official\\\/\",\"https:\\\/\\\/www.youtube.com\\\/channel\\\/UCFrxWi7dkBCnbB0jFD-PJEA\"]}]}<\/script>\n<!-- \/ Yoast SEO plugin. -->","yoast_head_json":{"title":"Spr\u00f8dt og Nyt - Crustello","robots":{"index":"index","follow":"follow","max-snippet":"max-snippet:-1","max-image-preview":"max-image-preview:large","max-video-preview":"max-video-preview:-1"},"canonical":"https:\/\/devpeople.dk\/ccgarage\/sproedt-og-nyt\/","og_locale":"da_DK","og_type":"article","og_title":"Spr\u00f8dt og Nyt - Crustello","og_description":"Spr\u00f8dt og Nyt Taylor Swift&#8217;s &#8220;Blueberry Lemon&#8221; br\u00f8d on mar 31, 2026 Vi l\u00f8ber ikke med halve sandheder, s\u00e5 sandheden er, at Taylor Swift aldrig har udgivet \u00e9n specifik, detaljeret opskrift p\u00e5 Spr\u00f8deboller med store lufthuller on mar 30, 2026 En god surdejsbolle kr\u00e6ver en balance mellem en aktiv starter, h\u00f8j hydrering og tid. Denne [&hellip;]","og_url":"https:\/\/devpeople.dk\/ccgarage\/sproedt-og-nyt\/","og_site_name":"Crustello","article_publisher":"https:\/\/www.facebook.com\/carsncolours","article_modified_time":"2026-05-04T16:02:27+00:00","og_image":[{"url":"https:\/\/devpeople.dk\/ccgarage\/wp-content\/uploads\/2026\/03\/taylor-swifts-blueberry-lemon-broed-370x244.png","type":"","width":"","height":""}],"twitter_card":"summary_large_image","twitter_misc":{"Estimeret l\u00e6setid":"1 minut"},"schema":{"@context":"https:\/\/schema.org","@graph":[{"@type":"WebPage","@id":"https:\/\/devpeople.dk\/ccgarage\/sproedt-og-nyt\/","url":"https:\/\/devpeople.dk\/ccgarage\/sproedt-og-nyt\/","name":"Spr\u00f8dt og Nyt - Crustello","isPartOf":{"@id":"https:\/\/devpeople.dk\/ccgarage\/#website"},"primaryImageOfPage":{"@id":"https:\/\/devpeople.dk\/ccgarage\/sproedt-og-nyt\/#primaryimage"},"image":{"@id":"https:\/\/devpeople.dk\/ccgarage\/sproedt-og-nyt\/#primaryimage"},"thumbnailUrl":"https:\/\/devpeople.dk\/ccgarage\/wp-content\/uploads\/2026\/03\/taylor-swifts-blueberry-lemon-broed-370x244.png","datePublished":"2026-05-04T11:43:35+00:00","dateModified":"2026-05-04T16:02:27+00:00","breadcrumb":{"@id":"https:\/\/devpeople.dk\/ccgarage\/sproedt-og-nyt\/#breadcrumb"},"inLanguage":"da-DK","potentialAction":[{"@type":"ReadAction","target":["https:\/\/devpeople.dk\/ccgarage\/sproedt-og-nyt\/"]}]},{"@type":"ImageObject","inLanguage":"da-DK","@id":"https:\/\/devpeople.dk\/ccgarage\/sproedt-og-nyt\/#primaryimage","url":"https:\/\/devpeople.dk\/ccgarage\/wp-content\/uploads\/2026\/03\/taylor-swifts-blueberry-lemon-broed.png","contentUrl":"https:\/\/devpeople.dk\/ccgarage\/wp-content\/uploads\/2026\/03\/taylor-swifts-blueberry-lemon-broed.png","width":1920,"height":1080,"caption":"crustello nordics bud p\u00e5 taylor swifts blueberry lemon br\u00f8d"},{"@type":"BreadcrumbList","@id":"https:\/\/devpeople.dk\/ccgarage\/sproedt-og-nyt\/#breadcrumb","itemListElement":[{"@type":"ListItem","position":1,"name":"Hjem","item":"https:\/\/devpeople.dk\/ccgarage\/"},{"@type":"ListItem","position":2,"name":"Spr\u00f8dt og Nyt"}]},{"@type":"WebSite","@id":"https:\/\/devpeople.dk\/ccgarage\/#website","url":"https:\/\/devpeople.dk\/ccgarage\/","name":"Crustello","description":"Kend din dej","publisher":{"@id":"https:\/\/devpeople.dk\/ccgarage\/#organization"},"potentialAction":[{"@type":"SearchAction","target":{"@type":"EntryPoint","urlTemplate":"https:\/\/devpeople.dk\/ccgarage\/?s={search_term_string}"},"query-input":{"@type":"PropertyValueSpecification","valueRequired":true,"valueName":"search_term_string"}}],"inLanguage":"da-DK"},{"@type":"Organization","@id":"https:\/\/devpeople.dk\/ccgarage\/#organization","name":"Crustello","url":"https:\/\/devpeople.dk\/ccgarage\/","logo":{"@type":"ImageObject","inLanguage":"da-DK","@id":"https:\/\/devpeople.dk\/ccgarage\/#\/schema\/logo\/image\/","url":"https:\/\/devpeople.dk\/ccgarage\/wp-content\/uploads\/2026\/03\/Crustello-nordic-logo-mid.png","contentUrl":"https:\/\/devpeople.dk\/ccgarage\/wp-content\/uploads\/2026\/03\/Crustello-nordic-logo-mid.png","width":480,"height":270,"caption":"Crustello"},"image":{"@id":"https:\/\/devpeople.dk\/ccgarage\/#\/schema\/logo\/image\/"},"sameAs":["https:\/\/www.facebook.com\/carsncolours","https:\/\/www.instagram.com\/carsnc_official\/","https:\/\/www.youtube.com\/channel\/UCFrxWi7dkBCnbB0jFD-PJEA"]}]}},"_links":{"self":[{"href":"https:\/\/devpeople.dk\/ccgarage\/wp-json\/wp\/v2\/pages\/4317","targetHints":{"allow":["GET"]}}],"collection":[{"href":"https:\/\/devpeople.dk\/ccgarage\/wp-json\/wp\/v2\/pages"}],"about":[{"href":"https:\/\/devpeople.dk\/ccgarage\/wp-json\/wp\/v2\/types\/page"}],"author":[{"embeddable":true,"href":"https:\/\/devpeople.dk\/ccgarage\/wp-json\/wp\/v2\/users\/8"}],"replies":[{"embeddable":true,"href":"https:\/\/devpeople.dk\/ccgarage\/wp-json\/wp\/v2\/comments?post=4317"}],"version-history":[{"count":34,"href":"https:\/\/devpeople.dk\/ccgarage\/wp-json\/wp\/v2\/pages\/4317\/revisions"}],"predecessor-version":[{"id":4359,"href":"https:\/\/devpeople.dk\/ccgarage\/wp-json\/wp\/v2\/pages\/4317\/revisions\/4359"}],"wp:attachment":[{"href":"https:\/\/devpeople.dk\/ccgarage\/wp-json\/wp\/v2\/media?parent=4317"}],"curies":[{"name":"wp","href":"https:\/\/api.w.org\/{rel}","templated":true}]}}