{"id":37,"date":"2020-07-03T11:00:25","date_gmt":"2020-07-03T11:00:25","guid":{"rendered":"https:\/\/devpeople.dk\/ccgarage\/?post_type=product&#038;p=37"},"modified":"2026-04-01T08:35:36","modified_gmt":"2026-04-01T08:35:36","slug":"crustello-starter-kit","status":"publish","type":"product","link":"https:\/\/devpeople.dk\/ccgarage\/vare\/crustello-starter-kit\/","title":{"rendered":"Crustello Starter Kit"},"content":{"rendered":"\t\t<div data-elementor-type=\"product-post\" data-elementor-id=\"37\" class=\"elementor elementor-37\" data-elementor-post-type=\"product\">\n\t\t\t\t\t\t<section class=\"elementor-section elementor-top-section elementor-element elementor-element-145de608 elementor-section-boxed elementor-section-height-default elementor-section-height-default\" data-id=\"145de608\" data-element_type=\"section\" data-e-type=\"section\">\n\t\t\t\t\t\t<div class=\"elementor-container elementor-column-gap-default\">\n\t\t\t\t\t<div class=\"elementor-column elementor-col-100 elementor-top-column elementor-element elementor-element-41530edf\" data-id=\"41530edf\" data-element_type=\"column\" data-e-type=\"column\">\n\t\t\t<div class=\"elementor-widget-wrap elementor-element-populated\">\n\t\t\t\t\t\t<div class=\"elementor-element elementor-element-607aa7a8 elementor-widget elementor-widget-text-editor\" data-id=\"607aa7a8\" data-element_type=\"widget\" data-e-type=\"widget\" data-widget_type=\"text-editor.default\">\n\t\t\t\t<div class=\"elementor-widget-container\">\n\t\t\t\t\t\t\t\t\t<h2 data-path-to-node=\"7\">Crustello Starter Kit: Din genvej til perfektion<\/h2><h3 data-path-to-node=\"8\">Monitorering &amp; Pr\u00e6cision<\/h3><p data-path-to-node=\"9\">F\u00f8lg din dejs udvikling helt t\u00e6t. Vi m\u00e5ler volumen i realtid, hvilket giver dig pr\u00e6cis indsigt i fermenteringen. Systemet overv\u00e5ger b\u00e5de dejen, glasset og rummets temperatur samt luftfugtighed. Det er din sikkerhed mod klassiske fejl som overh\u00e6vning eller uj\u00e6vne resultater \u2013 vi holder \u00f8je med alt fra dejen til klimaet i dit k\u00f8kken.<\/p><h3 data-path-to-node=\"10\">Smart Alerts<\/h3><p data-path-to-node=\"11\">F\u00e5 besked direkte p\u00e5 mobilen, n\u00e5r din dej har n\u00e5et det ideelle punkt, s\u00e5 du aldrig misser dit &#8220;window of opportunity&#8221;. Temperatur- og fugtighedsalarmer advarer dig med det samme, hvis forholdene i k\u00f8kkenet \u00e6ndrer sig, mens intelligente tips guider dig baseret p\u00e5 netop dine bageforhold.<\/p><h3 data-path-to-node=\"12\">Bageberegner &amp; Analyse<\/h3><ul data-path-to-node=\"13\"><li><p data-path-to-node=\"13,0,0\"><b data-path-to-node=\"13,0,0\" data-index-in-node=\"0\">Skr\u00e6ddersyede opskrifter:<\/b> Indtast dine ingredienser og byg dine egne opskrifter, som automatisk justeres efter m\u00e6ngder og forhold.<\/p><\/li><li><p data-path-to-node=\"13,1,0\"><b data-path-to-node=\"13,1,0\" data-index-in-node=\"0\">Community:<\/b> Del nemt dine succeser med venner eller community\u2019et.<\/p><\/li><li><p data-path-to-node=\"13,2,0\"><b data-path-to-node=\"13,2,0\" data-index-in-node=\"0\">Datav\u00e6rkt\u00f8jer:<\/b> Dyk ned i din bagehistorik med visuelle grafer over h\u00e6vning, temperatur og fugtighed. Hver bagning bliver en l\u00e6ringsproces.<\/p><\/li><\/ul><h3 data-path-to-node=\"14\">Gennemt\u00e6nkt Design<\/h3><p data-path-to-node=\"15\">Vores glas er skabt specifikt til surdejens behov:<\/p><ul data-path-to-node=\"16\"><li><p data-path-to-node=\"16,0,0\"><b data-path-to-node=\"16,0,0\" data-index-in-node=\"0\">Optimeret form:<\/b> cylindrisk design for j\u00e6vn v\u00e6kst og nem afl\u00e6sning.<\/p><\/li><li><p data-path-to-node=\"16,0,0\"><b data-path-to-node=\"16,1,0\" data-index-in-node=\"0\">Easy-clean:<\/b> Glat, ikke-reaktiv inderside og minimale s\u00f8mme g\u00f8r fodring og reng\u00f8ring til en leg.<\/p><\/li><li><p data-path-to-node=\"16,2,0\"><b data-path-to-node=\"16,2,0\" data-index-in-node=\"0\">Setup &amp; Sync:<\/b> Klik sensoren p\u00e5 l\u00e5get, forbind til Wi-Fi eller Bluetooth, og du er i gang p\u00e5 sekunder.<\/p><\/li><\/ul><h3 data-path-to-node=\"17\">Teknologien bag<\/h3><p data-path-to-node=\"18\">Hjertet i Crustello er en r\u00e6kke avancerede sensorer:<\/p><ul data-path-to-node=\"19\"><li><p data-path-to-node=\"19,0,0\"><b data-path-to-node=\"19,0,0\" data-index-in-node=\"0\">ToF-distancesensor:<\/b> M\u00e5ler dejens h\u00f8jde med millimeterpr\u00e6cision.<\/p><\/li><li><p data-path-to-node=\"19,1,0\"><b data-path-to-node=\"19,1,0\" data-index-in-node=\"0\">High-accuracy temp:<\/b> Overv\u00e5ger temperatur med en pr\u00e6cision p\u00e5 <span class=\"math-inline\" data-math=\"\\pm\" data-index-in-node=\"61\">$\\pm$<\/span> 0,3\u00b0C.<\/p><\/li><li><p data-path-to-node=\"19,2,0\"><b data-path-to-node=\"19,2,0\" data-index-in-node=\"0\">AI-analyse:<\/b> Forvandler r\u00e5 data til klare forudsigelser om, hvorn\u00e5r dejen er klar.<\/p><\/li><li><p data-path-to-node=\"19,3,0\"><b data-path-to-node=\"19,3,0\" data-index-in-node=\"0\">Batteritid:<\/b> Genopladeligt modul med op til 20 dages str\u00f8m og automatiske opdateringer.<\/p><\/li><\/ul>\t\t\t\t\t\t\t\t<\/div>\n\t\t\t\t<\/div>\n\t\t\t\t\t<\/div>\n\t\t<\/div>\n\t\t\t\t\t<\/div>\n\t\t<\/section>\n\t\t\t\t<section class=\"elementor-section elementor-top-section elementor-element elementor-element-9864e64 elementor-section-boxed elementor-section-height-default elementor-section-height-default\" data-id=\"9864e64\" data-element_type=\"section\" data-e-type=\"section\">\n\t\t\t\t\t\t<div class=\"elementor-container elementor-column-gap-default\">\n\t\t\t\t\t<div class=\"elementor-column elementor-col-100 elementor-top-column elementor-element elementor-element-1357691\" data-id=\"1357691\" data-element_type=\"column\" data-e-type=\"column\">\n\t\t\t<div class=\"elementor-widget-wrap elementor-element-populated\">\n\t\t\t\t\t\t<div class=\"elementor-element elementor-element-6d4897c elementor-widget elementor-widget-video\" data-id=\"6d4897c\" data-element_type=\"widget\" data-e-type=\"widget\" data-settings=\"{&quot;autoplay&quot;:&quot;yes&quot;,&quot;play_on_mobile&quot;:&quot;yes&quot;,&quot;video_type&quot;:&quot;hosted&quot;,&quot;controls&quot;:&quot;yes&quot;}\" data-widget_type=\"video.default\">\n\t\t\t\t<div class=\"elementor-widget-container\">\n\t\t\t\t\t\t\t<div class=\"e-hosted-video elementor-wrapper elementor-open-inline\">\n\t\t\t\t\t<video class=\"elementor-video\" src=\"https:\/\/devpeople.dk\/ccgarage\/wp-content\/uploads\/2020\/07\/Fa\u030a-perfekte-surdejsresultater-hver-gang-med-Crustello.mp4\" autoplay=\"\" controls=\"\" playsinline=\"\" controlsList=\"nodownload\"><\/video>\n\t\t\t\t<\/div>\n\t\t\t\t\t\t<\/div>\n\t\t\t\t<\/div>\n\t\t\t\t\t<\/div>\n\t\t<\/div>\n\t\t\t\t\t<\/div>\n\t\t<\/section>\n\t\t\t\t<\/div>\n\t\t","protected":false},"excerpt":{"rendered":"<h4><span style=\"font-size: 28px;\">Dr\u00f8mmen om det perfekte snit starter her<\/span><\/h4>\n<p data-path-to-node=\"3\">Vi kender alle f\u00f8lelsen. Du l\u00f8fter l\u00e5get af din st\u00f8bejernsgryde, og der st\u00e5r det: Br\u00f8det med den dybe, gyldne skorpe, det vilde &#8220;ear&#8221; og en krumme s\u00e5 luftig, at det n\u00e6sten trodser tyngdekraften. Men vejen dertil handler om mere end bare mel og vand. Det handler om at mestre usynlige kr\u00e6fter \u2013 tid, temperatur og en levende organisme, der har sin egen vilje.<\/p>\n<p data-path-to-node=\"4\">Crustello er skabt til dig, der ikke vil lade dit bagv\u00e6rk v\u00e6re op til tilf\u00e6ldighederne. Slut med at g\u00e6tte p\u00e5, om din starter har peaket, eller om k\u00f8kkenet er for koldt til den perfekte h\u00e6vning. Med vores intelligente Starter Kit f\u00e5r du et direkte indblik i din dejs DNA. Ved at kombinere stolte bagetraditioner med avanceret sensorteknologi fjerner vi usikkerheden, s\u00e5 du kan fokusere p\u00e5 det kreative h\u00e5ndv\u00e6rk.<\/p>\n<p data-path-to-node=\"5\">Uanset om du er i gang med din f\u00f8rste starter eller har passet din moderdej i \u00e5revis, giver Crustello dig kontrollen tilbage. Det er ikke bare udstyr; det er din nye digitale bagemakker, der fort\u00e6ller dig pr\u00e6cis, hvorn\u00e5r dejen er klar til at blive formet og bagt. G\u00f8r hver bagning til en succes og oplev tilfredsheden ved at ramme plet \u2013 hver eneste gang.<\/p>\n","protected":false},"featured_media":4101,"comment_status":"open","ping_status":"closed","template":"","meta":[],"product_brand":[],"product_cat":[102,103],"product_tag":[106,109,107,108],"class_list":{"0":"post-37","1":"product","2":"type-product","3":"status-publish","4":"has-post-thumbnail","6":"product_cat-crustello-kit","7":"product_cat-starter-kit","8":"product_tag-crustello-kit","9":"product_tag-crustello-starter-kit","10":"product_tag-starting-kit","11":"product_tag-surdejs-kit","13":"first","14":"onbackorder","15":"taxable","16":"shipping-taxable","17":"purchasable","18":"product-type-simple"},"yoast_head":"<!-- This site is optimized with the Yoast SEO plugin v27.5 - https:\/\/yoast.com\/product\/yoast-seo-wordpress\/ -->\n<title>Crustello Starter Kit - Crustello sikrer din surdej bliver perfekt, hvergang<\/title>\n<meta name=\"description\" content=\"Her finder du Crustello Starter Kit som hj\u00e6lper dig, uanset om du er professionel, entusiast eller helt ny til at lave og bage med surdej - helt perfekt\" \/>\n<meta name=\"robots\" content=\"index, follow, max-snippet:-1, max-image-preview:large, max-video-preview:-1\" \/>\n<link rel=\"canonical\" href=\"https:\/\/devpeople.dk\/ccgarage\/vare\/crustello-starter-kit\/\" \/>\n<meta property=\"og:locale\" content=\"da_DK\" \/>\n<meta property=\"og:type\" content=\"article\" \/>\n<meta property=\"og:title\" content=\"Crustello Starter Kit - Crustello sikrer din surdej bliver perfekt, hvergang\" \/>\n<meta property=\"og:description\" content=\"Her finder du Crustello Starter Kit som hj\u00e6lper dig, uanset om du er professionel, entusiast eller helt ny til at lave og bage med surdej - helt perfekt\" \/>\n<meta property=\"og:url\" content=\"https:\/\/devpeople.dk\/ccgarage\/vare\/crustello-starter-kit\/\" \/>\n<meta property=\"og:site_name\" content=\"Crustello\" \/>\n<meta property=\"article:publisher\" content=\"https:\/\/www.facebook.com\/carsncolours\" \/>\n<meta property=\"article:modified_time\" content=\"2026-04-01T08:35:36+00:00\" \/>\n<meta property=\"og:image\" content=\"https:\/\/devpeople.dk\/ccgarage\/wp-content\/uploads\/2026\/03\/starter-ska\u030al-med-ha\u030and-og-mobil.png\" \/>\n\t<meta property=\"og:image:width\" content=\"720\" \/>\n\t<meta property=\"og:image:height\" content=\"477\" \/>\n\t<meta property=\"og:image:type\" content=\"image\/png\" \/>\n<meta name=\"twitter:card\" content=\"summary_large_image\" \/>\n<meta name=\"twitter:label1\" content=\"Estimeret l\u00e6setid\" \/>\n\t<meta name=\"twitter:data1\" content=\"2 minutter\" \/>\n<script type=\"application\/ld+json\" class=\"yoast-schema-graph\">{\"@context\":\"https:\\\/\\\/schema.org\",\"@graph\":[{\"@type\":\"WebPage\",\"@id\":\"https:\\\/\\\/devpeople.dk\\\/ccgarage\\\/vare\\\/crustello-starter-kit\\\/\",\"url\":\"https:\\\/\\\/devpeople.dk\\\/ccgarage\\\/vare\\\/crustello-starter-kit\\\/\",\"name\":\"Crustello Starter Kit - Crustello sikrer din surdej bliver perfekt, hvergang\",\"isPartOf\":{\"@id\":\"https:\\\/\\\/devpeople.dk\\\/ccgarage\\\/#website\"},\"primaryImageOfPage\":{\"@id\":\"https:\\\/\\\/devpeople.dk\\\/ccgarage\\\/vare\\\/crustello-starter-kit\\\/#primaryimage\"},\"image\":{\"@id\":\"https:\\\/\\\/devpeople.dk\\\/ccgarage\\\/vare\\\/crustello-starter-kit\\\/#primaryimage\"},\"thumbnailUrl\":\"https:\\\/\\\/devpeople.dk\\\/ccgarage\\\/wp-content\\\/uploads\\\/2026\\\/03\\\/starter-ska\u030al-med-ha\u030and-og-mobil.png\",\"datePublished\":\"2020-07-03T11:00:25+00:00\",\"dateModified\":\"2026-04-01T08:35:36+00:00\",\"description\":\"Her finder du Crustello Starter Kit som hj\u00e6lper dig, uanset om du er professionel, entusiast eller helt ny til at lave og bage med surdej - helt perfekt\",\"breadcrumb\":{\"@id\":\"https:\\\/\\\/devpeople.dk\\\/ccgarage\\\/vare\\\/crustello-starter-kit\\\/#breadcrumb\"},\"inLanguage\":\"da-DK\",\"potentialAction\":[{\"@type\":\"ReadAction\",\"target\":[\"https:\\\/\\\/devpeople.dk\\\/ccgarage\\\/vare\\\/crustello-starter-kit\\\/\"]}]},{\"@type\":\"ImageObject\",\"inLanguage\":\"da-DK\",\"@id\":\"https:\\\/\\\/devpeople.dk\\\/ccgarage\\\/vare\\\/crustello-starter-kit\\\/#primaryimage\",\"url\":\"https:\\\/\\\/devpeople.dk\\\/ccgarage\\\/wp-content\\\/uploads\\\/2026\\\/03\\\/starter-ska\u030al-med-ha\u030and-og-mobil.png\",\"contentUrl\":\"https:\\\/\\\/devpeople.dk\\\/ccgarage\\\/wp-content\\\/uploads\\\/2026\\\/03\\\/starter-ska\u030al-med-ha\u030and-og-mobil.png\",\"width\":720,\"height\":477},{\"@type\":\"BreadcrumbList\",\"@id\":\"https:\\\/\\\/devpeople.dk\\\/ccgarage\\\/vare\\\/crustello-starter-kit\\\/#breadcrumb\",\"itemListElement\":[{\"@type\":\"ListItem\",\"position\":1,\"name\":\"Hjem\",\"item\":\"https:\\\/\\\/devpeople.dk\\\/ccgarage\\\/\"},{\"@type\":\"ListItem\",\"position\":2,\"name\":\"Shop\",\"item\":\"https:\\\/\\\/devpeople.dk\\\/ccgarage\\\/shop\\\/\"},{\"@type\":\"ListItem\",\"position\":3,\"name\":\"Crustello Starter Kit\"}]},{\"@type\":\"WebSite\",\"@id\":\"https:\\\/\\\/devpeople.dk\\\/ccgarage\\\/#website\",\"url\":\"https:\\\/\\\/devpeople.dk\\\/ccgarage\\\/\",\"name\":\"Crustello\",\"description\":\"Kend din dej\",\"publisher\":{\"@id\":\"https:\\\/\\\/devpeople.dk\\\/ccgarage\\\/#organization\"},\"potentialAction\":[{\"@type\":\"SearchAction\",\"target\":{\"@type\":\"EntryPoint\",\"urlTemplate\":\"https:\\\/\\\/devpeople.dk\\\/ccgarage\\\/?s={search_term_string}\"},\"query-input\":{\"@type\":\"PropertyValueSpecification\",\"valueRequired\":true,\"valueName\":\"search_term_string\"}}],\"inLanguage\":\"da-DK\"},{\"@type\":\"Organization\",\"@id\":\"https:\\\/\\\/devpeople.dk\\\/ccgarage\\\/#organization\",\"name\":\"Crustello\",\"url\":\"https:\\\/\\\/devpeople.dk\\\/ccgarage\\\/\",\"logo\":{\"@type\":\"ImageObject\",\"inLanguage\":\"da-DK\",\"@id\":\"https:\\\/\\\/devpeople.dk\\\/ccgarage\\\/#\\\/schema\\\/logo\\\/image\\\/\",\"url\":\"https:\\\/\\\/devpeople.dk\\\/ccgarage\\\/wp-content\\\/uploads\\\/2026\\\/03\\\/Crustello-nordic-logo-mid.png\",\"contentUrl\":\"https:\\\/\\\/devpeople.dk\\\/ccgarage\\\/wp-content\\\/uploads\\\/2026\\\/03\\\/Crustello-nordic-logo-mid.png\",\"width\":480,\"height\":270,\"caption\":\"Crustello\"},\"image\":{\"@id\":\"https:\\\/\\\/devpeople.dk\\\/ccgarage\\\/#\\\/schema\\\/logo\\\/image\\\/\"},\"sameAs\":[\"https:\\\/\\\/www.facebook.com\\\/carsncolours\",\"https:\\\/\\\/www.instagram.com\\\/carsnc_official\\\/\",\"https:\\\/\\\/www.youtube.com\\\/channel\\\/UCFrxWi7dkBCnbB0jFD-PJEA\"]}]}<\/script>\n<!-- \/ Yoast SEO plugin. -->","yoast_head_json":{"title":"Crustello Starter Kit - Crustello sikrer din surdej bliver perfekt, hvergang","description":"Her finder du Crustello Starter Kit som hj\u00e6lper dig, uanset om du er professionel, entusiast eller helt ny til at lave og bage med surdej - helt perfekt","robots":{"index":"index","follow":"follow","max-snippet":"max-snippet:-1","max-image-preview":"max-image-preview:large","max-video-preview":"max-video-preview:-1"},"canonical":"https:\/\/devpeople.dk\/ccgarage\/vare\/crustello-starter-kit\/","og_locale":"da_DK","og_type":"article","og_title":"Crustello Starter Kit - Crustello sikrer din surdej bliver perfekt, hvergang","og_description":"Her finder du Crustello Starter Kit som hj\u00e6lper dig, uanset om du er professionel, entusiast eller helt ny til at lave og bage med surdej - helt perfekt","og_url":"https:\/\/devpeople.dk\/ccgarage\/vare\/crustello-starter-kit\/","og_site_name":"Crustello","article_publisher":"https:\/\/www.facebook.com\/carsncolours","article_modified_time":"2026-04-01T08:35:36+00:00","og_image":[{"width":720,"height":477,"url":"https:\/\/devpeople.dk\/ccgarage\/wp-content\/uploads\/2026\/03\/starter-ska\u030al-med-ha\u030and-og-mobil.png","type":"image\/png"}],"twitter_card":"summary_large_image","twitter_misc":{"Estimeret l\u00e6setid":"2 minutter"},"schema":{"@context":"https:\/\/schema.org","@graph":[{"@type":"WebPage","@id":"https:\/\/devpeople.dk\/ccgarage\/vare\/crustello-starter-kit\/","url":"https:\/\/devpeople.dk\/ccgarage\/vare\/crustello-starter-kit\/","name":"Crustello Starter Kit - Crustello sikrer din surdej bliver perfekt, hvergang","isPartOf":{"@id":"https:\/\/devpeople.dk\/ccgarage\/#website"},"primaryImageOfPage":{"@id":"https:\/\/devpeople.dk\/ccgarage\/vare\/crustello-starter-kit\/#primaryimage"},"image":{"@id":"https:\/\/devpeople.dk\/ccgarage\/vare\/crustello-starter-kit\/#primaryimage"},"thumbnailUrl":"https:\/\/devpeople.dk\/ccgarage\/wp-content\/uploads\/2026\/03\/starter-ska\u030al-med-ha\u030and-og-mobil.png","datePublished":"2020-07-03T11:00:25+00:00","dateModified":"2026-04-01T08:35:36+00:00","description":"Her finder du Crustello Starter Kit som hj\u00e6lper dig, uanset om du er professionel, entusiast eller helt ny til at lave og bage med surdej - helt perfekt","breadcrumb":{"@id":"https:\/\/devpeople.dk\/ccgarage\/vare\/crustello-starter-kit\/#breadcrumb"},"inLanguage":"da-DK","potentialAction":[{"@type":"ReadAction","target":["https:\/\/devpeople.dk\/ccgarage\/vare\/crustello-starter-kit\/"]}]},{"@type":"ImageObject","inLanguage":"da-DK","@id":"https:\/\/devpeople.dk\/ccgarage\/vare\/crustello-starter-kit\/#primaryimage","url":"https:\/\/devpeople.dk\/ccgarage\/wp-content\/uploads\/2026\/03\/starter-ska\u030al-med-ha\u030and-og-mobil.png","contentUrl":"https:\/\/devpeople.dk\/ccgarage\/wp-content\/uploads\/2026\/03\/starter-ska\u030al-med-ha\u030and-og-mobil.png","width":720,"height":477},{"@type":"BreadcrumbList","@id":"https:\/\/devpeople.dk\/ccgarage\/vare\/crustello-starter-kit\/#breadcrumb","itemListElement":[{"@type":"ListItem","position":1,"name":"Hjem","item":"https:\/\/devpeople.dk\/ccgarage\/"},{"@type":"ListItem","position":2,"name":"Shop","item":"https:\/\/devpeople.dk\/ccgarage\/shop\/"},{"@type":"ListItem","position":3,"name":"Crustello Starter Kit"}]},{"@type":"WebSite","@id":"https:\/\/devpeople.dk\/ccgarage\/#website","url":"https:\/\/devpeople.dk\/ccgarage\/","name":"Crustello","description":"Kend din dej","publisher":{"@id":"https:\/\/devpeople.dk\/ccgarage\/#organization"},"potentialAction":[{"@type":"SearchAction","target":{"@type":"EntryPoint","urlTemplate":"https:\/\/devpeople.dk\/ccgarage\/?s={search_term_string}"},"query-input":{"@type":"PropertyValueSpecification","valueRequired":true,"valueName":"search_term_string"}}],"inLanguage":"da-DK"},{"@type":"Organization","@id":"https:\/\/devpeople.dk\/ccgarage\/#organization","name":"Crustello","url":"https:\/\/devpeople.dk\/ccgarage\/","logo":{"@type":"ImageObject","inLanguage":"da-DK","@id":"https:\/\/devpeople.dk\/ccgarage\/#\/schema\/logo\/image\/","url":"https:\/\/devpeople.dk\/ccgarage\/wp-content\/uploads\/2026\/03\/Crustello-nordic-logo-mid.png","contentUrl":"https:\/\/devpeople.dk\/ccgarage\/wp-content\/uploads\/2026\/03\/Crustello-nordic-logo-mid.png","width":480,"height":270,"caption":"Crustello"},"image":{"@id":"https:\/\/devpeople.dk\/ccgarage\/#\/schema\/logo\/image\/"},"sameAs":["https:\/\/www.facebook.com\/carsncolours","https:\/\/www.instagram.com\/carsnc_official\/","https:\/\/www.youtube.com\/channel\/UCFrxWi7dkBCnbB0jFD-PJEA"]}]}},"_links":{"self":[{"href":"https:\/\/devpeople.dk\/ccgarage\/wp-json\/wp\/v2\/product\/37","targetHints":{"allow":["GET"]}}],"collection":[{"href":"https:\/\/devpeople.dk\/ccgarage\/wp-json\/wp\/v2\/product"}],"about":[{"href":"https:\/\/devpeople.dk\/ccgarage\/wp-json\/wp\/v2\/types\/product"}],"replies":[{"embeddable":true,"href":"https:\/\/devpeople.dk\/ccgarage\/wp-json\/wp\/v2\/comments?post=37"}],"version-history":[{"count":76,"href":"https:\/\/devpeople.dk\/ccgarage\/wp-json\/wp\/v2\/product\/37\/revisions"}],"predecessor-version":[{"id":4187,"href":"https:\/\/devpeople.dk\/ccgarage\/wp-json\/wp\/v2\/product\/37\/revisions\/4187"}],"wp:featuredmedia":[{"embeddable":true,"href":"https:\/\/devpeople.dk\/ccgarage\/wp-json\/wp\/v2\/media\/4101"}],"wp:attachment":[{"href":"https:\/\/devpeople.dk\/ccgarage\/wp-json\/wp\/v2\/media?parent=37"}],"wp:term":[{"taxonomy":"product_brand","embeddable":true,"href":"https:\/\/devpeople.dk\/ccgarage\/wp-json\/wp\/v2\/product_brand?post=37"},{"taxonomy":"product_cat","embeddable":true,"href":"https:\/\/devpeople.dk\/ccgarage\/wp-json\/wp\/v2\/product_cat?post=37"},{"taxonomy":"product_tag","embeddable":true,"href":"https:\/\/devpeople.dk\/ccgarage\/wp-json\/wp\/v2\/product_tag?post=37"}],"curies":[{"name":"wp","href":"https:\/\/api.w.org\/{rel}","templated":true}]}}