{"id":4218,"date":"2026-03-29T21:57:30","date_gmt":"2026-03-29T21:57:30","guid":{"rendered":"https:\/\/devpeople.dk\/ccgarage\/?post_type=product&#038;p=4218"},"modified":"2026-03-29T22:04:58","modified_gmt":"2026-03-29T22:04:58","slug":"crustello-proofing-skaal","status":"publish","type":"product","link":"https:\/\/devpeople.dk\/ccgarage\/vare\/crustello-proofing-skaal\/","title":{"rendered":"Crustello Proofing-Sk\u00e5l"},"content":{"rendered":"\t\t<div data-elementor-type=\"product-post\" data-elementor-id=\"4218\" class=\"elementor elementor-4218\" data-elementor-post-type=\"product\">\n\t\t\t\t\t\t<section class=\"elementor-section elementor-top-section elementor-element elementor-element-79cd829 elementor-section-boxed elementor-section-height-default elementor-section-height-default\" data-id=\"79cd829\" data-element_type=\"section\" data-e-type=\"section\">\n\t\t\t\t\t\t<div class=\"elementor-container elementor-column-gap-default\">\n\t\t\t\t\t<div class=\"elementor-column elementor-col-100 elementor-top-column elementor-element elementor-element-c4b47f5\" data-id=\"c4b47f5\" data-element_type=\"column\" data-e-type=\"column\">\n\t\t\t<div class=\"elementor-widget-wrap\">\n\t\t\t\t\t\t\t<\/div>\n\t\t<\/div>\n\t\t\t\t\t<\/div>\n\t\t<\/section>\n\t\t\t\t<\/div>\n\t\t","protected":false},"excerpt":{"rendered":"<h2 data-path-to-node=\"6\">Crustello Proofing-sk\u00e5len: Formgivet til perfektion<\/h2>\n<p data-path-to-node=\"7\">N\u00e5r dejen skal hvile og udvikle sig, kr\u00e6ver det plads, luft og det helt rigtige greb. <b data-path-to-node=\"7\" data-index-in-node=\"86\">Crustello Proofing-sk\u00e5len<\/b> bryder med den traditionelle runde form og introducerer det &#8220;afrundede kvadrat&#8221; \u2013 et designvalg, der er en total <i data-path-to-node=\"7\" data-index-in-node=\"225\">gamechanger<\/i> for dit bageflow. De bl\u00f8de hj\u00f8rner giver dig de perfekte vinkler til dine <i data-path-to-node=\"7\" data-index-in-node=\"311\">stretch &amp; folds<\/i>, s\u00e5 du kan arbejde med dejen fra alle retninger uden at miste kontrollen.<\/p>\n<p data-path-to-node=\"8\">Sk\u00e5len er skabt til den moderne hjemmebager, der v\u00e6rds\u00e6tter b\u00e5de ergonomi og \u00e6stetik. De skr\u00e5nende sider og den stabile bund giver dig fuld kontrol under h\u00e6vningen, mens den glatte inderside lader dejen bev\u00e6ge sig frit uden modstand. Det betyder, at du bevarer de dyrebare luftbobler og den glutenstruktur, du har brugt timer p\u00e5 at opbygge.<\/p>\n<p data-path-to-node=\"9\">Med sit minimalistiske look og s\u00f8ml\u00f8se finish er reng\u00f8ringen overst\u00e5et p\u00e5 et \u00f8jeblik, s\u00e5 du kan bruge tiden p\u00e5 det, det handler om: at skabe br\u00f8d med den perfekte krumme. Uanset om du eksperimenterer med h\u00f8j hydrering eller klassiske surdejsbr\u00f8d, er proofing-sk\u00e5len din vigtigste partner i jagten p\u00e5 den ultimative skorpe.<\/p>\n","protected":false},"featured_media":4167,"comment_status":"open","ping_status":"closed","template":"","meta":[],"product_brand":[],"product_cat":[105,111],"product_tag":[106,113,112,114],"class_list":{"0":"post-4218","1":"product","2":"type-product","3":"status-publish","4":"has-post-thumbnail","6":"product_cat-crustello-tilbehoer","7":"product_cat-proofing-skaal","8":"product_tag-crustello-kit","9":"product_tag-haeveskaal","10":"product_tag-proofing-skaal","11":"product_tag-surdejs-skaal","13":"first","14":"onbackorder","15":"taxable","16":"shipping-taxable","17":"purchasable","18":"product-type-simple"},"yoast_head":"<!-- This site is optimized with the Yoast SEO plugin v27.5 - https:\/\/yoast.com\/product\/yoast-seo-wordpress\/ -->\n<title>Crustello Proofing-Sk\u00e5l - Crustello Nordic<\/title>\n<meta name=\"description\" content=\"Crustello Proofing-sk\u00e5l som hj\u00e6lper dig, uanset om du er professionel, entusiast eller helt ny til at lave og bage med surdej, finder du her - helt perfekt\" \/>\n<meta name=\"robots\" content=\"index, follow, max-snippet:-1, max-image-preview:large, max-video-preview:-1\" \/>\n<link rel=\"canonical\" href=\"https:\/\/devpeople.dk\/ccgarage\/vare\/crustello-proofing-skaal\/\" \/>\n<meta property=\"og:locale\" content=\"da_DK\" \/>\n<meta property=\"og:type\" content=\"article\" \/>\n<meta property=\"og:title\" content=\"Crustello Proofing-Sk\u00e5l - Crustello Nordic\" \/>\n<meta property=\"og:description\" content=\"Crustello Proofing-sk\u00e5l som hj\u00e6lper dig, uanset om du er professionel, entusiast eller helt ny til at lave og bage med surdej, finder du her - helt perfekt\" \/>\n<meta property=\"og:url\" content=\"https:\/\/devpeople.dk\/ccgarage\/vare\/crustello-proofing-skaal\/\" \/>\n<meta property=\"og:site_name\" content=\"Crustello\" \/>\n<meta property=\"article:publisher\" content=\"https:\/\/www.facebook.com\/carsncolours\" \/>\n<meta property=\"article:modified_time\" content=\"2026-03-29T22:04:58+00:00\" \/>\n<meta property=\"og:image\" content=\"https:\/\/devpeople.dk\/ccgarage\/wp-content\/uploads\/2026\/03\/t75_1.jpg\" \/>\n\t<meta property=\"og:image:width\" content=\"1920\" \/>\n\t<meta property=\"og:image:height\" content=\"1080\" \/>\n\t<meta property=\"og:image:type\" content=\"image\/jpeg\" \/>\n<meta name=\"twitter:card\" content=\"summary_large_image\" \/>\n<meta name=\"twitter:label1\" content=\"Estimeret l\u00e6setid\" \/>\n\t<meta name=\"twitter:data1\" content=\"1 minut\" \/>\n<script type=\"application\/ld+json\" class=\"yoast-schema-graph\">{\"@context\":\"https:\\\/\\\/schema.org\",\"@graph\":[{\"@type\":\"WebPage\",\"@id\":\"https:\\\/\\\/devpeople.dk\\\/ccgarage\\\/vare\\\/crustello-proofing-skaal\\\/\",\"url\":\"https:\\\/\\\/devpeople.dk\\\/ccgarage\\\/vare\\\/crustello-proofing-skaal\\\/\",\"name\":\"Crustello Proofing-Sk\u00e5l - Crustello Nordic\",\"isPartOf\":{\"@id\":\"https:\\\/\\\/devpeople.dk\\\/ccgarage\\\/#website\"},\"primaryImageOfPage\":{\"@id\":\"https:\\\/\\\/devpeople.dk\\\/ccgarage\\\/vare\\\/crustello-proofing-skaal\\\/#primaryimage\"},\"image\":{\"@id\":\"https:\\\/\\\/devpeople.dk\\\/ccgarage\\\/vare\\\/crustello-proofing-skaal\\\/#primaryimage\"},\"thumbnailUrl\":\"https:\\\/\\\/devpeople.dk\\\/ccgarage\\\/wp-content\\\/uploads\\\/2026\\\/03\\\/t75_1.jpg\",\"datePublished\":\"2026-03-29T21:57:30+00:00\",\"dateModified\":\"2026-03-29T22:04:58+00:00\",\"description\":\"Crustello Proofing-sk\u00e5l som hj\u00e6lper dig, uanset om du er professionel, entusiast eller helt ny til at lave og bage med surdej, finder du her - helt perfekt\",\"breadcrumb\":{\"@id\":\"https:\\\/\\\/devpeople.dk\\\/ccgarage\\\/vare\\\/crustello-proofing-skaal\\\/#breadcrumb\"},\"inLanguage\":\"da-DK\",\"potentialAction\":[{\"@type\":\"ReadAction\",\"target\":[\"https:\\\/\\\/devpeople.dk\\\/ccgarage\\\/vare\\\/crustello-proofing-skaal\\\/\"]}]},{\"@type\":\"ImageObject\",\"inLanguage\":\"da-DK\",\"@id\":\"https:\\\/\\\/devpeople.dk\\\/ccgarage\\\/vare\\\/crustello-proofing-skaal\\\/#primaryimage\",\"url\":\"https:\\\/\\\/devpeople.dk\\\/ccgarage\\\/wp-content\\\/uploads\\\/2026\\\/03\\\/t75_1.jpg\",\"contentUrl\":\"https:\\\/\\\/devpeople.dk\\\/ccgarage\\\/wp-content\\\/uploads\\\/2026\\\/03\\\/t75_1.jpg\",\"width\":1920,\"height\":1080,\"caption\":\"Crustello h\u00e6ve profing sk\u00e5l\"},{\"@type\":\"BreadcrumbList\",\"@id\":\"https:\\\/\\\/devpeople.dk\\\/ccgarage\\\/vare\\\/crustello-proofing-skaal\\\/#breadcrumb\",\"itemListElement\":[{\"@type\":\"ListItem\",\"position\":1,\"name\":\"Hjem\",\"item\":\"https:\\\/\\\/devpeople.dk\\\/ccgarage\\\/\"},{\"@type\":\"ListItem\",\"position\":2,\"name\":\"Shop\",\"item\":\"https:\\\/\\\/devpeople.dk\\\/ccgarage\\\/shop\\\/\"},{\"@type\":\"ListItem\",\"position\":3,\"name\":\"Crustello Proofing-Sk\u00e5l\"}]},{\"@type\":\"WebSite\",\"@id\":\"https:\\\/\\\/devpeople.dk\\\/ccgarage\\\/#website\",\"url\":\"https:\\\/\\\/devpeople.dk\\\/ccgarage\\\/\",\"name\":\"Crustello\",\"description\":\"Kend din dej\",\"publisher\":{\"@id\":\"https:\\\/\\\/devpeople.dk\\\/ccgarage\\\/#organization\"},\"potentialAction\":[{\"@type\":\"SearchAction\",\"target\":{\"@type\":\"EntryPoint\",\"urlTemplate\":\"https:\\\/\\\/devpeople.dk\\\/ccgarage\\\/?s={search_term_string}\"},\"query-input\":{\"@type\":\"PropertyValueSpecification\",\"valueRequired\":true,\"valueName\":\"search_term_string\"}}],\"inLanguage\":\"da-DK\"},{\"@type\":\"Organization\",\"@id\":\"https:\\\/\\\/devpeople.dk\\\/ccgarage\\\/#organization\",\"name\":\"Crustello\",\"url\":\"https:\\\/\\\/devpeople.dk\\\/ccgarage\\\/\",\"logo\":{\"@type\":\"ImageObject\",\"inLanguage\":\"da-DK\",\"@id\":\"https:\\\/\\\/devpeople.dk\\\/ccgarage\\\/#\\\/schema\\\/logo\\\/image\\\/\",\"url\":\"https:\\\/\\\/devpeople.dk\\\/ccgarage\\\/wp-content\\\/uploads\\\/2026\\\/03\\\/Crustello-nordic-logo-mid.png\",\"contentUrl\":\"https:\\\/\\\/devpeople.dk\\\/ccgarage\\\/wp-content\\\/uploads\\\/2026\\\/03\\\/Crustello-nordic-logo-mid.png\",\"width\":480,\"height\":270,\"caption\":\"Crustello\"},\"image\":{\"@id\":\"https:\\\/\\\/devpeople.dk\\\/ccgarage\\\/#\\\/schema\\\/logo\\\/image\\\/\"},\"sameAs\":[\"https:\\\/\\\/www.facebook.com\\\/carsncolours\",\"https:\\\/\\\/www.instagram.com\\\/carsnc_official\\\/\",\"https:\\\/\\\/www.youtube.com\\\/channel\\\/UCFrxWi7dkBCnbB0jFD-PJEA\"]}]}<\/script>\n<!-- \/ Yoast SEO plugin. -->","yoast_head_json":{"title":"Crustello Proofing-Sk\u00e5l - Crustello Nordic","description":"Crustello Proofing-sk\u00e5l som hj\u00e6lper dig, uanset om du er professionel, entusiast eller helt ny til at lave og bage med surdej, finder du her - helt perfekt","robots":{"index":"index","follow":"follow","max-snippet":"max-snippet:-1","max-image-preview":"max-image-preview:large","max-video-preview":"max-video-preview:-1"},"canonical":"https:\/\/devpeople.dk\/ccgarage\/vare\/crustello-proofing-skaal\/","og_locale":"da_DK","og_type":"article","og_title":"Crustello Proofing-Sk\u00e5l - Crustello Nordic","og_description":"Crustello Proofing-sk\u00e5l som hj\u00e6lper dig, uanset om du er professionel, entusiast eller helt ny til at lave og bage med surdej, finder du her - helt perfekt","og_url":"https:\/\/devpeople.dk\/ccgarage\/vare\/crustello-proofing-skaal\/","og_site_name":"Crustello","article_publisher":"https:\/\/www.facebook.com\/carsncolours","article_modified_time":"2026-03-29T22:04:58+00:00","og_image":[{"width":1920,"height":1080,"url":"https:\/\/devpeople.dk\/ccgarage\/wp-content\/uploads\/2026\/03\/t75_1.jpg","type":"image\/jpeg"}],"twitter_card":"summary_large_image","twitter_misc":{"Estimeret l\u00e6setid":"1 minut"},"schema":{"@context":"https:\/\/schema.org","@graph":[{"@type":"WebPage","@id":"https:\/\/devpeople.dk\/ccgarage\/vare\/crustello-proofing-skaal\/","url":"https:\/\/devpeople.dk\/ccgarage\/vare\/crustello-proofing-skaal\/","name":"Crustello Proofing-Sk\u00e5l - Crustello Nordic","isPartOf":{"@id":"https:\/\/devpeople.dk\/ccgarage\/#website"},"primaryImageOfPage":{"@id":"https:\/\/devpeople.dk\/ccgarage\/vare\/crustello-proofing-skaal\/#primaryimage"},"image":{"@id":"https:\/\/devpeople.dk\/ccgarage\/vare\/crustello-proofing-skaal\/#primaryimage"},"thumbnailUrl":"https:\/\/devpeople.dk\/ccgarage\/wp-content\/uploads\/2026\/03\/t75_1.jpg","datePublished":"2026-03-29T21:57:30+00:00","dateModified":"2026-03-29T22:04:58+00:00","description":"Crustello Proofing-sk\u00e5l som hj\u00e6lper dig, uanset om du er professionel, entusiast eller helt ny til at lave og bage med surdej, finder du her - helt perfekt","breadcrumb":{"@id":"https:\/\/devpeople.dk\/ccgarage\/vare\/crustello-proofing-skaal\/#breadcrumb"},"inLanguage":"da-DK","potentialAction":[{"@type":"ReadAction","target":["https:\/\/devpeople.dk\/ccgarage\/vare\/crustello-proofing-skaal\/"]}]},{"@type":"ImageObject","inLanguage":"da-DK","@id":"https:\/\/devpeople.dk\/ccgarage\/vare\/crustello-proofing-skaal\/#primaryimage","url":"https:\/\/devpeople.dk\/ccgarage\/wp-content\/uploads\/2026\/03\/t75_1.jpg","contentUrl":"https:\/\/devpeople.dk\/ccgarage\/wp-content\/uploads\/2026\/03\/t75_1.jpg","width":1920,"height":1080,"caption":"Crustello h\u00e6ve profing sk\u00e5l"},{"@type":"BreadcrumbList","@id":"https:\/\/devpeople.dk\/ccgarage\/vare\/crustello-proofing-skaal\/#breadcrumb","itemListElement":[{"@type":"ListItem","position":1,"name":"Hjem","item":"https:\/\/devpeople.dk\/ccgarage\/"},{"@type":"ListItem","position":2,"name":"Shop","item":"https:\/\/devpeople.dk\/ccgarage\/shop\/"},{"@type":"ListItem","position":3,"name":"Crustello Proofing-Sk\u00e5l"}]},{"@type":"WebSite","@id":"https:\/\/devpeople.dk\/ccgarage\/#website","url":"https:\/\/devpeople.dk\/ccgarage\/","name":"Crustello","description":"Kend din dej","publisher":{"@id":"https:\/\/devpeople.dk\/ccgarage\/#organization"},"potentialAction":[{"@type":"SearchAction","target":{"@type":"EntryPoint","urlTemplate":"https:\/\/devpeople.dk\/ccgarage\/?s={search_term_string}"},"query-input":{"@type":"PropertyValueSpecification","valueRequired":true,"valueName":"search_term_string"}}],"inLanguage":"da-DK"},{"@type":"Organization","@id":"https:\/\/devpeople.dk\/ccgarage\/#organization","name":"Crustello","url":"https:\/\/devpeople.dk\/ccgarage\/","logo":{"@type":"ImageObject","inLanguage":"da-DK","@id":"https:\/\/devpeople.dk\/ccgarage\/#\/schema\/logo\/image\/","url":"https:\/\/devpeople.dk\/ccgarage\/wp-content\/uploads\/2026\/03\/Crustello-nordic-logo-mid.png","contentUrl":"https:\/\/devpeople.dk\/ccgarage\/wp-content\/uploads\/2026\/03\/Crustello-nordic-logo-mid.png","width":480,"height":270,"caption":"Crustello"},"image":{"@id":"https:\/\/devpeople.dk\/ccgarage\/#\/schema\/logo\/image\/"},"sameAs":["https:\/\/www.facebook.com\/carsncolours","https:\/\/www.instagram.com\/carsnc_official\/","https:\/\/www.youtube.com\/channel\/UCFrxWi7dkBCnbB0jFD-PJEA"]}]}},"_links":{"self":[{"href":"https:\/\/devpeople.dk\/ccgarage\/wp-json\/wp\/v2\/product\/4218","targetHints":{"allow":["GET"]}}],"collection":[{"href":"https:\/\/devpeople.dk\/ccgarage\/wp-json\/wp\/v2\/product"}],"about":[{"href":"https:\/\/devpeople.dk\/ccgarage\/wp-json\/wp\/v2\/types\/product"}],"replies":[{"embeddable":true,"href":"https:\/\/devpeople.dk\/ccgarage\/wp-json\/wp\/v2\/comments?post=4218"}],"version-history":[{"count":6,"href":"https:\/\/devpeople.dk\/ccgarage\/wp-json\/wp\/v2\/product\/4218\/revisions"}],"predecessor-version":[{"id":4224,"href":"https:\/\/devpeople.dk\/ccgarage\/wp-json\/wp\/v2\/product\/4218\/revisions\/4224"}],"wp:featuredmedia":[{"embeddable":true,"href":"https:\/\/devpeople.dk\/ccgarage\/wp-json\/wp\/v2\/media\/4167"}],"wp:attachment":[{"href":"https:\/\/devpeople.dk\/ccgarage\/wp-json\/wp\/v2\/media?parent=4218"}],"wp:term":[{"taxonomy":"product_brand","embeddable":true,"href":"https:\/\/devpeople.dk\/ccgarage\/wp-json\/wp\/v2\/product_brand?post=4218"},{"taxonomy":"product_cat","embeddable":true,"href":"https:\/\/devpeople.dk\/ccgarage\/wp-json\/wp\/v2\/product_cat?post=4218"},{"taxonomy":"product_tag","embeddable":true,"href":"https:\/\/devpeople.dk\/ccgarage\/wp-json\/wp\/v2\/product_tag?post=4218"}],"curies":[{"name":"wp","href":"https:\/\/api.w.org\/{rel}","templated":true}]}}