{"id":4225,"date":"2026-03-29T22:05:24","date_gmt":"2026-03-29T22:05:24","guid":{"rendered":"https:\/\/devpeople.dk\/ccgarage\/?post_type=product&#038;p=4225"},"modified":"2026-03-30T09:17:43","modified_gmt":"2026-03-30T09:17:43","slug":"crustello-starter-skaal","status":"publish","type":"product","link":"https:\/\/devpeople.dk\/ccgarage\/vare\/crustello-starter-skaal\/","title":{"rendered":"Crustello Starter-Sk\u00e5l"},"content":{"rendered":"\t\t<div data-elementor-type=\"product-post\" data-elementor-id=\"4225\" class=\"elementor elementor-4225\" data-elementor-post-type=\"product\">\n\t\t\t\t\t\t<section class=\"elementor-section elementor-top-section elementor-element elementor-element-9864e64 elementor-section-boxed elementor-section-height-default elementor-section-height-default\" data-id=\"9864e64\" data-element_type=\"section\" data-e-type=\"section\">\n\t\t\t\t\t\t<div class=\"elementor-container elementor-column-gap-default\">\n\t\t\t\t\t<div class=\"elementor-column elementor-col-100 elementor-top-column elementor-element elementor-element-1357691\" data-id=\"1357691\" data-element_type=\"column\" data-e-type=\"column\">\n\t\t\t<div class=\"elementor-widget-wrap elementor-element-populated\">\n\t\t\t\t\t\t<div class=\"elementor-element elementor-element-6d4897c elementor-widget elementor-widget-video\" data-id=\"6d4897c\" data-element_type=\"widget\" data-e-type=\"widget\" data-settings=\"{&quot;autoplay&quot;:&quot;yes&quot;,&quot;play_on_mobile&quot;:&quot;yes&quot;,&quot;video_type&quot;:&quot;hosted&quot;,&quot;mute&quot;:&quot;yes&quot;,&quot;controls&quot;:&quot;yes&quot;}\" data-widget_type=\"video.default\">\n\t\t\t\t<div class=\"elementor-widget-container\">\n\t\t\t\t\t\t\t<div class=\"e-hosted-video elementor-wrapper elementor-open-inline\">\n\t\t\t\t\t<video class=\"elementor-video\" src=\"https:\/\/devpeople.dk\/ccgarage\/wp-content\/uploads\/2020\/07\/Fa\u030a-perfekte-surdejsresultater-hver-gang-med-Crustello.mp4\" autoplay=\"\" controls=\"\" muted=\"muted\" playsinline=\"\" controlsList=\"nodownload\"><\/video>\n\t\t\t\t<\/div>\n\t\t\t\t\t\t<\/div>\n\t\t\t\t<\/div>\n\t\t\t\t\t<\/div>\n\t\t<\/div>\n\t\t\t\t\t<\/div>\n\t\t<\/section>\n\t\t\t\t<\/div>\n\t\t","protected":false},"excerpt":{"rendered":"<h2 data-path-to-node=\"1\">Crustello Starter-sk\u00e5len: Fundamentet for din fermentering<\/h2>\n<p data-path-to-node=\"2\">Glem alt om tilf\u00e6ldige syltet\u00f8jsglas og interimistiske l\u00f8sninger. <b data-path-to-node=\"2\" data-index-in-node=\"66\">Crustello Starter-sk\u00e5len<\/b> er skabt til dig, der tager din vilde g\u00e6r seri\u00f8st. Det er ikke bare en beholder; det er et specialdesignet \u00f8kosystem, skabt til at pleje din starter fra f\u00f8rste fodring. Med sin kompakte, cylindriske form giver den din starter den n\u00f8dvendige st\u00f8tte til at vokse j\u00e6vnt opad, s\u00e5 du pr\u00e6cist kan tracke hver eneste lille h\u00e6vning og peak-aktivitet.<\/p>\n<p data-path-to-node=\"3\">Indvendigt m\u00f8des du af en ultra-glat, non-stick overflade, der g\u00f8r de daglige fodringer til en leg. Slut med dejrester, der klistrer til siderne, og besv\u00e6rlig reng\u00f8ring i de s\u00e6dvanlige &#8220;blinde vinkler&#8221; \u2013 de minimale samlinger og det non-reaktive interi\u00f8r sikrer, at alt fokus forbliver p\u00e5 din starters sundhed.<\/p>\n<p data-path-to-node=\"4\">Som den ultimative tech-opgradering leveres sk\u00e5len med et <b data-path-to-node=\"4\" data-index-in-node=\"58\">sensor-ready-l\u00e5g<\/b>. Det er diskret forberedt til din Crustello-sensor, s\u00e5 du kan g\u00e5 fra analog bagegl\u00e6de til datadrevet pr\u00e6cision, n\u00e5r det passer dig. Det er funktionelt design, der ser lige s\u00e5 godt ud p\u00e5 k\u00f8kkenbordet, som br\u00f8det smager p\u00e5 tallerkenen. Denne sk\u00e5l er uden sensor. \u00d8nsker du hele kittet med sk\u00e5l og sensor skal du have Crustello Starter-Kit<\/p>\n","protected":false},"featured_media":4168,"comment_status":"open","ping_status":"closed","template":"","meta":[],"product_brand":[],"product_cat":[105,115],"product_tag":[106,109,107,108],"class_list":{"0":"post-4225","1":"product","2":"type-product","3":"status-publish","4":"has-post-thumbnail","6":"product_cat-crustello-tilbehoer","7":"product_cat-starter-skaal","8":"product_tag-crustello-kit","9":"product_tag-crustello-starter-kit","10":"product_tag-starting-kit","11":"product_tag-surdejs-kit","13":"first","14":"onbackorder","15":"taxable","16":"shipping-taxable","17":"purchasable","18":"product-type-simple"},"yoast_head":"<!-- This site is optimized with the Yoast SEO plugin v27.5 - https:\/\/yoast.com\/product\/yoast-seo-wordpress\/ -->\n<title>Crustello Starter-Sk\u00e5l til den perfekte surdej<\/title>\n<meta name=\"description\" content=\"Crustello Starter-sk\u00e5l som hj\u00e6lper dig, uanset om du er professionel, entusiast eller helt ny til at lave og bage med surdej, finder du her - helt perfekt\" \/>\n<meta name=\"robots\" content=\"index, follow, max-snippet:-1, max-image-preview:large, max-video-preview:-1\" \/>\n<link rel=\"canonical\" href=\"https:\/\/devpeople.dk\/ccgarage\/vare\/crustello-starter-skaal\/\" \/>\n<meta property=\"og:locale\" content=\"da_DK\" \/>\n<meta property=\"og:type\" content=\"article\" \/>\n<meta property=\"og:title\" content=\"Crustello Starter-Sk\u00e5l til den perfekte surdej\" \/>\n<meta property=\"og:description\" content=\"Crustello Starter-sk\u00e5l som hj\u00e6lper dig, uanset om du er professionel, entusiast eller helt ny til at lave og bage med surdej, finder du her - helt perfekt\" \/>\n<meta property=\"og:url\" content=\"https:\/\/devpeople.dk\/ccgarage\/vare\/crustello-starter-skaal\/\" \/>\n<meta property=\"og:site_name\" content=\"Crustello\" \/>\n<meta property=\"article:publisher\" content=\"https:\/\/www.facebook.com\/carsncolours\" \/>\n<meta property=\"article:modified_time\" content=\"2026-03-30T09:17:43+00:00\" \/>\n<meta property=\"og:image\" content=\"https:\/\/devpeople.dk\/ccgarage\/wp-content\/uploads\/2026\/03\/t75_2.jpg\" \/>\n\t<meta property=\"og:image:width\" content=\"1920\" \/>\n\t<meta property=\"og:image:height\" content=\"1080\" \/>\n\t<meta property=\"og:image:type\" content=\"image\/jpeg\" \/>\n<meta name=\"twitter:card\" content=\"summary_large_image\" \/>\n<meta name=\"twitter:label1\" content=\"Estimeret l\u00e6setid\" \/>\n\t<meta name=\"twitter:data1\" content=\"1 minut\" \/>\n<script type=\"application\/ld+json\" class=\"yoast-schema-graph\">{\"@context\":\"https:\\\/\\\/schema.org\",\"@graph\":[{\"@type\":\"WebPage\",\"@id\":\"https:\\\/\\\/devpeople.dk\\\/ccgarage\\\/vare\\\/crustello-starter-skaal\\\/\",\"url\":\"https:\\\/\\\/devpeople.dk\\\/ccgarage\\\/vare\\\/crustello-starter-skaal\\\/\",\"name\":\"Crustello Starter-Sk\u00e5l til den perfekte surdej\",\"isPartOf\":{\"@id\":\"https:\\\/\\\/devpeople.dk\\\/ccgarage\\\/#website\"},\"primaryImageOfPage\":{\"@id\":\"https:\\\/\\\/devpeople.dk\\\/ccgarage\\\/vare\\\/crustello-starter-skaal\\\/#primaryimage\"},\"image\":{\"@id\":\"https:\\\/\\\/devpeople.dk\\\/ccgarage\\\/vare\\\/crustello-starter-skaal\\\/#primaryimage\"},\"thumbnailUrl\":\"https:\\\/\\\/devpeople.dk\\\/ccgarage\\\/wp-content\\\/uploads\\\/2026\\\/03\\\/t75_2.jpg\",\"datePublished\":\"2026-03-29T22:05:24+00:00\",\"dateModified\":\"2026-03-30T09:17:43+00:00\",\"description\":\"Crustello Starter-sk\u00e5l som hj\u00e6lper dig, uanset om du er professionel, entusiast eller helt ny til at lave og bage med surdej, finder du her - helt perfekt\",\"breadcrumb\":{\"@id\":\"https:\\\/\\\/devpeople.dk\\\/ccgarage\\\/vare\\\/crustello-starter-skaal\\\/#breadcrumb\"},\"inLanguage\":\"da-DK\",\"potentialAction\":[{\"@type\":\"ReadAction\",\"target\":[\"https:\\\/\\\/devpeople.dk\\\/ccgarage\\\/vare\\\/crustello-starter-skaal\\\/\"]}]},{\"@type\":\"ImageObject\",\"inLanguage\":\"da-DK\",\"@id\":\"https:\\\/\\\/devpeople.dk\\\/ccgarage\\\/vare\\\/crustello-starter-skaal\\\/#primaryimage\",\"url\":\"https:\\\/\\\/devpeople.dk\\\/ccgarage\\\/wp-content\\\/uploads\\\/2026\\\/03\\\/t75_2.jpg\",\"contentUrl\":\"https:\\\/\\\/devpeople.dk\\\/ccgarage\\\/wp-content\\\/uploads\\\/2026\\\/03\\\/t75_2.jpg\",\"width\":1920,\"height\":1080,\"caption\":\"Crustello starter sk\u00e5l\"},{\"@type\":\"BreadcrumbList\",\"@id\":\"https:\\\/\\\/devpeople.dk\\\/ccgarage\\\/vare\\\/crustello-starter-skaal\\\/#breadcrumb\",\"itemListElement\":[{\"@type\":\"ListItem\",\"position\":1,\"name\":\"Hjem\",\"item\":\"https:\\\/\\\/devpeople.dk\\\/ccgarage\\\/\"},{\"@type\":\"ListItem\",\"position\":2,\"name\":\"Shop\",\"item\":\"https:\\\/\\\/devpeople.dk\\\/ccgarage\\\/shop\\\/\"},{\"@type\":\"ListItem\",\"position\":3,\"name\":\"Crustello Starter-Sk\u00e5l\"}]},{\"@type\":\"WebSite\",\"@id\":\"https:\\\/\\\/devpeople.dk\\\/ccgarage\\\/#website\",\"url\":\"https:\\\/\\\/devpeople.dk\\\/ccgarage\\\/\",\"name\":\"Crustello\",\"description\":\"Kend din dej\",\"publisher\":{\"@id\":\"https:\\\/\\\/devpeople.dk\\\/ccgarage\\\/#organization\"},\"potentialAction\":[{\"@type\":\"SearchAction\",\"target\":{\"@type\":\"EntryPoint\",\"urlTemplate\":\"https:\\\/\\\/devpeople.dk\\\/ccgarage\\\/?s={search_term_string}\"},\"query-input\":{\"@type\":\"PropertyValueSpecification\",\"valueRequired\":true,\"valueName\":\"search_term_string\"}}],\"inLanguage\":\"da-DK\"},{\"@type\":\"Organization\",\"@id\":\"https:\\\/\\\/devpeople.dk\\\/ccgarage\\\/#organization\",\"name\":\"Crustello\",\"url\":\"https:\\\/\\\/devpeople.dk\\\/ccgarage\\\/\",\"logo\":{\"@type\":\"ImageObject\",\"inLanguage\":\"da-DK\",\"@id\":\"https:\\\/\\\/devpeople.dk\\\/ccgarage\\\/#\\\/schema\\\/logo\\\/image\\\/\",\"url\":\"https:\\\/\\\/devpeople.dk\\\/ccgarage\\\/wp-content\\\/uploads\\\/2026\\\/03\\\/Crustello-nordic-logo-mid.png\",\"contentUrl\":\"https:\\\/\\\/devpeople.dk\\\/ccgarage\\\/wp-content\\\/uploads\\\/2026\\\/03\\\/Crustello-nordic-logo-mid.png\",\"width\":480,\"height\":270,\"caption\":\"Crustello\"},\"image\":{\"@id\":\"https:\\\/\\\/devpeople.dk\\\/ccgarage\\\/#\\\/schema\\\/logo\\\/image\\\/\"},\"sameAs\":[\"https:\\\/\\\/www.facebook.com\\\/carsncolours\",\"https:\\\/\\\/www.instagram.com\\\/carsnc_official\\\/\",\"https:\\\/\\\/www.youtube.com\\\/channel\\\/UCFrxWi7dkBCnbB0jFD-PJEA\"]}]}<\/script>\n<!-- \/ Yoast SEO plugin. -->","yoast_head_json":{"title":"Crustello Starter-Sk\u00e5l til den perfekte surdej","description":"Crustello Starter-sk\u00e5l som hj\u00e6lper dig, uanset om du er professionel, entusiast eller helt ny til at lave og bage med surdej, finder du her - helt perfekt","robots":{"index":"index","follow":"follow","max-snippet":"max-snippet:-1","max-image-preview":"max-image-preview:large","max-video-preview":"max-video-preview:-1"},"canonical":"https:\/\/devpeople.dk\/ccgarage\/vare\/crustello-starter-skaal\/","og_locale":"da_DK","og_type":"article","og_title":"Crustello Starter-Sk\u00e5l til den perfekte surdej","og_description":"Crustello Starter-sk\u00e5l som hj\u00e6lper dig, uanset om du er professionel, entusiast eller helt ny til at lave og bage med surdej, finder du her - helt perfekt","og_url":"https:\/\/devpeople.dk\/ccgarage\/vare\/crustello-starter-skaal\/","og_site_name":"Crustello","article_publisher":"https:\/\/www.facebook.com\/carsncolours","article_modified_time":"2026-03-30T09:17:43+00:00","og_image":[{"width":1920,"height":1080,"url":"https:\/\/devpeople.dk\/ccgarage\/wp-content\/uploads\/2026\/03\/t75_2.jpg","type":"image\/jpeg"}],"twitter_card":"summary_large_image","twitter_misc":{"Estimeret l\u00e6setid":"1 minut"},"schema":{"@context":"https:\/\/schema.org","@graph":[{"@type":"WebPage","@id":"https:\/\/devpeople.dk\/ccgarage\/vare\/crustello-starter-skaal\/","url":"https:\/\/devpeople.dk\/ccgarage\/vare\/crustello-starter-skaal\/","name":"Crustello Starter-Sk\u00e5l til den perfekte surdej","isPartOf":{"@id":"https:\/\/devpeople.dk\/ccgarage\/#website"},"primaryImageOfPage":{"@id":"https:\/\/devpeople.dk\/ccgarage\/vare\/crustello-starter-skaal\/#primaryimage"},"image":{"@id":"https:\/\/devpeople.dk\/ccgarage\/vare\/crustello-starter-skaal\/#primaryimage"},"thumbnailUrl":"https:\/\/devpeople.dk\/ccgarage\/wp-content\/uploads\/2026\/03\/t75_2.jpg","datePublished":"2026-03-29T22:05:24+00:00","dateModified":"2026-03-30T09:17:43+00:00","description":"Crustello Starter-sk\u00e5l som hj\u00e6lper dig, uanset om du er professionel, entusiast eller helt ny til at lave og bage med surdej, finder du her - helt perfekt","breadcrumb":{"@id":"https:\/\/devpeople.dk\/ccgarage\/vare\/crustello-starter-skaal\/#breadcrumb"},"inLanguage":"da-DK","potentialAction":[{"@type":"ReadAction","target":["https:\/\/devpeople.dk\/ccgarage\/vare\/crustello-starter-skaal\/"]}]},{"@type":"ImageObject","inLanguage":"da-DK","@id":"https:\/\/devpeople.dk\/ccgarage\/vare\/crustello-starter-skaal\/#primaryimage","url":"https:\/\/devpeople.dk\/ccgarage\/wp-content\/uploads\/2026\/03\/t75_2.jpg","contentUrl":"https:\/\/devpeople.dk\/ccgarage\/wp-content\/uploads\/2026\/03\/t75_2.jpg","width":1920,"height":1080,"caption":"Crustello starter sk\u00e5l"},{"@type":"BreadcrumbList","@id":"https:\/\/devpeople.dk\/ccgarage\/vare\/crustello-starter-skaal\/#breadcrumb","itemListElement":[{"@type":"ListItem","position":1,"name":"Hjem","item":"https:\/\/devpeople.dk\/ccgarage\/"},{"@type":"ListItem","position":2,"name":"Shop","item":"https:\/\/devpeople.dk\/ccgarage\/shop\/"},{"@type":"ListItem","position":3,"name":"Crustello Starter-Sk\u00e5l"}]},{"@type":"WebSite","@id":"https:\/\/devpeople.dk\/ccgarage\/#website","url":"https:\/\/devpeople.dk\/ccgarage\/","name":"Crustello","description":"Kend din dej","publisher":{"@id":"https:\/\/devpeople.dk\/ccgarage\/#organization"},"potentialAction":[{"@type":"SearchAction","target":{"@type":"EntryPoint","urlTemplate":"https:\/\/devpeople.dk\/ccgarage\/?s={search_term_string}"},"query-input":{"@type":"PropertyValueSpecification","valueRequired":true,"valueName":"search_term_string"}}],"inLanguage":"da-DK"},{"@type":"Organization","@id":"https:\/\/devpeople.dk\/ccgarage\/#organization","name":"Crustello","url":"https:\/\/devpeople.dk\/ccgarage\/","logo":{"@type":"ImageObject","inLanguage":"da-DK","@id":"https:\/\/devpeople.dk\/ccgarage\/#\/schema\/logo\/image\/","url":"https:\/\/devpeople.dk\/ccgarage\/wp-content\/uploads\/2026\/03\/Crustello-nordic-logo-mid.png","contentUrl":"https:\/\/devpeople.dk\/ccgarage\/wp-content\/uploads\/2026\/03\/Crustello-nordic-logo-mid.png","width":480,"height":270,"caption":"Crustello"},"image":{"@id":"https:\/\/devpeople.dk\/ccgarage\/#\/schema\/logo\/image\/"},"sameAs":["https:\/\/www.facebook.com\/carsncolours","https:\/\/www.instagram.com\/carsnc_official\/","https:\/\/www.youtube.com\/channel\/UCFrxWi7dkBCnbB0jFD-PJEA"]}]}},"_links":{"self":[{"href":"https:\/\/devpeople.dk\/ccgarage\/wp-json\/wp\/v2\/product\/4225","targetHints":{"allow":["GET"]}}],"collection":[{"href":"https:\/\/devpeople.dk\/ccgarage\/wp-json\/wp\/v2\/product"}],"about":[{"href":"https:\/\/devpeople.dk\/ccgarage\/wp-json\/wp\/v2\/types\/product"}],"replies":[{"embeddable":true,"href":"https:\/\/devpeople.dk\/ccgarage\/wp-json\/wp\/v2\/comments?post=4225"}],"version-history":[{"count":4,"href":"https:\/\/devpeople.dk\/ccgarage\/wp-json\/wp\/v2\/product\/4225\/revisions"}],"predecessor-version":[{"id":4252,"href":"https:\/\/devpeople.dk\/ccgarage\/wp-json\/wp\/v2\/product\/4225\/revisions\/4252"}],"wp:featuredmedia":[{"embeddable":true,"href":"https:\/\/devpeople.dk\/ccgarage\/wp-json\/wp\/v2\/media\/4168"}],"wp:attachment":[{"href":"https:\/\/devpeople.dk\/ccgarage\/wp-json\/wp\/v2\/media?parent=4225"}],"wp:term":[{"taxonomy":"product_brand","embeddable":true,"href":"https:\/\/devpeople.dk\/ccgarage\/wp-json\/wp\/v2\/product_brand?post=4225"},{"taxonomy":"product_cat","embeddable":true,"href":"https:\/\/devpeople.dk\/ccgarage\/wp-json\/wp\/v2\/product_cat?post=4225"},{"taxonomy":"product_tag","embeddable":true,"href":"https:\/\/devpeople.dk\/ccgarage\/wp-json\/wp\/v2\/product_tag?post=4225"}],"curies":[{"name":"wp","href":"https:\/\/api.w.org\/{rel}","templated":true}]}}